{"id":16664,"date":"2023-11-23T12:51:21","date_gmt":"2023-11-23T11:51:21","guid":{"rendered":"https:\/\/tioautomocio.com\/contacte\/"},"modified":"2024-07-19T12:11:47","modified_gmt":"2024-07-19T10:11:47","slug":"contacto","status":"publish","type":"page","link":"https:\/\/tioautomocio.com\/es\/contacto\/","title":{"rendered":"Contacto"},"content":{"rendered":"\t\t<div data-elementor-type=\"wp-page\" data-elementor-id=\"16664\" class=\"elementor elementor-16664 elementor-16021\">\n\t\t\t\t<div class=\"elementor-element elementor-element-5291151 e-flex e-con-boxed e-con e-parent\" data-id=\"5291151\" data-element_type=\"container\" data-settings=\"{&quot;content_width&quot;:&quot;boxed&quot;}\" data-core-v316-plus=\"true\">\n\t\t\t\t\t<div class=\"e-con-inner\">\n\t\t\t\t<div class=\"elementor-element elementor-element-91fc79f elementor-widget elementor-widget-heading\" data-id=\"91fc79f\" data-element_type=\"widget\" data-widget_type=\"heading.default\">\n\t\t\t\t<div class=\"elementor-widget-container\">\n\t\t\t<style>\/*! elementor - v3.19.0 - 07-02-2024 *\/\n.elementor-heading-title{padding:0;margin:0;line-height:1}.elementor-widget-heading .elementor-heading-title[class*=elementor-size-]>a{color:inherit;font-size:inherit;line-height:inherit}.elementor-widget-heading .elementor-heading-title.elementor-size-small{font-size:15px}.elementor-widget-heading .elementor-heading-title.elementor-size-medium{font-size:19px}.elementor-widget-heading .elementor-heading-title.elementor-size-large{font-size:29px}.elementor-widget-heading .elementor-heading-title.elementor-size-xl{font-size:39px}.elementor-widget-heading .elementor-heading-title.elementor-size-xxl{font-size:59px}<\/style><h1 class=\"elementor-heading-title elementor-size-default\">Contacta con Ti\u00f3 Automoci\u00f3<\/h1>\t\t<\/div>\n\t\t\t\t<\/div>\n\t\t\t\t\t<\/div>\n\t\t\t\t<\/div>\n\t\t<div class=\"elementor-element elementor-element-e876696 e-flex e-con-boxed e-con e-parent\" data-id=\"e876696\" data-element_type=\"container\" data-settings=\"{&quot;content_width&quot;:&quot;boxed&quot;}\" data-core-v316-plus=\"true\">\n\t\t\t\t\t<div class=\"e-con-inner\">\n\t\t<div class=\"elementor-element elementor-element-f69558b e-con-full e-flex e-con e-child\" data-id=\"f69558b\" data-element_type=\"container\" data-settings=\"{&quot;content_width&quot;:&quot;full&quot;}\">\n\t\t\t\t<div class=\"elementor-element elementor-element-2c6d70a elementor-widget elementor-widget-witr_section_service\" data-id=\"2c6d70a\" data-element_type=\"widget\" data-widget_type=\"witr_section_service.default\">\n\t\t\t\t<div class=\"elementor-widget-container\">\n\t\t\t\t\t\n\t\t\t<div class=\"service-item all_color_service  text-center  \">\n\t\t\t\t<div class=\"service_top_image\">\n\t\t\t\t\t<!-- image -->\n\t\t\t\t\t\t\t\t\n\t\t\t\t<\/div>\n\t\t\t\t<div class=\"text_box all_icon_color\">\n\t\t\t\t\t<!-- icon -->\n\t\t\t\t\t\t\t\t\t\t<!-- custom icon -->\n\t\t\t\t\t\t\n\t\t\t\t\t\t<i class=\"icofont-headphone-alt\"><\/i>\n\t\t\t\t\t\t\t\t\t\n\t\t\t\t\t<!-- image -->\n\t\t\t\t\t\t\n\t\t\t\t\t<!-- title -->\n\t\t\t\t\t\t\t\t\t\t\t\t\t\t\t<h3>  <a href=\"tel:931314800\">931314800<\/a> \/\/ <a href=\"tel:602240367\">602240367<\/a> <\/h3>\n\t\t\t\t\t\t\t\t\t\t\t\t\t\t\t<!-- content -->\n\t\t\t\t\t\t\t\t\t\t<!-- button -->\n\t\t\t\t\t\t\t\t\t\n\t\t\t\t<\/div> <!-- text_box -->\t\t\t\t\t\t\t\n\t\t\t<\/div> <!-- service item -->\t\t\t\t\t\t\t\n \t\t\t\t<\/div>\n\t\t\t\t<\/div>\n\t\t\t\t<\/div>\n\t\t<div class=\"elementor-element elementor-element-c22841b e-con-full e-flex e-con e-child\" data-id=\"c22841b\" data-element_type=\"container\" data-settings=\"{&quot;content_width&quot;:&quot;full&quot;}\">\n\t\t\t\t<div class=\"elementor-element elementor-element-5a333bd elementor-widget elementor-widget-witr_section_service\" data-id=\"5a333bd\" data-element_type=\"widget\" data-widget_type=\"witr_section_service.default\">\n\t\t\t\t<div class=\"elementor-widget-container\">\n\t\t\t\t\t\n\t\t\t<div class=\"service-item all_color_service  text-center  \">\n\t\t\t\t<div class=\"service_top_image\">\n\t\t\t\t\t<!-- image -->\n\t\t\t\t\t\t\t\t\n\t\t\t\t<\/div>\n\t\t\t\t<div class=\"text_box all_icon_color\">\n\t\t\t\t\t<!-- icon -->\n\t\t\t\t\t\t\t\t\t\t<!-- custom icon -->\n\t\t\t\t\t\t\n\t\t\t\t\t\t<i class=\"icofont-ui-message\"><\/i>\n\t\t\t\t\t\t\t\t\t\n\t\t\t\t\t<!-- image -->\n\t\t\t\t\t\t\n\t\t\t\t\t<!-- title -->\n\t\t\t\t\t\t\t\t\t\t\t\t\t\t\t<h3><a href=\"mailto:tioautomocio@gmail.com\" target=\"_blank\"> tioautomocio@gmail.com<\/a> <\/h3>\n\t\t\t\t\t\t\t\t\t\t\t\t\t\t\t<!-- content -->\n\t\t\t\t\t\t\t\t\t\t<!-- button -->\n\t\t\t\t\t\t\t\t\t\n\t\t\t\t<\/div> <!-- text_box -->\t\t\t\t\t\t\t\n\t\t\t<\/div> <!-- service item -->\t\t\t\t\t\t\t\n \t\t\t\t<\/div>\n\t\t\t\t<\/div>\n\t\t\t\t<\/div>\n\t\t<div class=\"elementor-element elementor-element-652394a e-con-full e-flex e-con e-child\" data-id=\"652394a\" data-element_type=\"container\" data-settings=\"{&quot;content_width&quot;:&quot;full&quot;}\">\n\t\t\t\t<div class=\"elementor-element elementor-element-555335d elementor-widget elementor-widget-witr_section_service\" data-id=\"555335d\" data-element_type=\"widget\" data-widget_type=\"witr_section_service.default\">\n\t\t\t\t<div class=\"elementor-widget-container\">\n\t\t\t\t\t\n\t\t\t<div class=\"service-item all_color_service  text-center  \">\n\t\t\t\t<div class=\"service_top_image\">\n\t\t\t\t\t<!-- image -->\n\t\t\t\t\t\t\t\t\n\t\t\t\t<\/div>\n\t\t\t\t<div class=\"text_box all_icon_color\">\n\t\t\t\t\t<!-- icon -->\n\t\t\t\t\t\t\t\t\t\t<!-- custom icon -->\n\t\t\t\t\t\t\n\t\t\t\t\t\t<i class=\"icofont-google-map\"><\/i>\n\t\t\t\t\t\t\t\t\t\n\t\t\t\t\t<!-- image -->\n\t\t\t\t\t\t\n\t\t\t\t\t<!-- title -->\n\t\t\t\t\t\t\t\t\t\t\t\t\t\t\t<h3><a href=\"https:\/\/www.google.com\/maps?ll=41.917806,2.314326&z=15&t=m&hl=es-ES&gl=US&mapclient=embed&cid=7285240430725487283\" target=\"_blank\">\n    Pol\u00edgon Industrial La Quintana <br>\n    Carrer del Comer\u00e7, 17 <br>\n    08504 Sant Juli\u00e0 de Vilatorta\n  <\/a>\n\n <\/h3>\n\t\t\t\t\t\t\t\t\t\t\t\t\t\t\t<!-- content -->\n\t\t\t\t\t\t\t\t\t\t<!-- button -->\n\t\t\t\t\t\t\t\t\t\n\t\t\t\t<\/div> <!-- text_box -->\t\t\t\t\t\t\t\n\t\t\t<\/div> <!-- service item -->\t\t\t\t\t\t\t\n \t\t\t\t<\/div>\n\t\t\t\t<\/div>\n\t\t\t\t<\/div>\n\t\t\t\t\t<\/div>\n\t\t\t\t<\/div>\n\t\t<div class=\"elementor-element elementor-element-547facf e-con-full e-flex e-con e-parent\" data-id=\"547facf\" data-element_type=\"container\" data-settings=\"{&quot;content_width&quot;:&quot;full&quot;}\" data-core-v316-plus=\"true\">\n\t\t<div class=\"elementor-element elementor-element-e42250f e-con-full e-flex e-con e-child\" data-id=\"e42250f\" data-element_type=\"container\" data-settings=\"{&quot;content_width&quot;:&quot;full&quot;}\">\n\t\t\t\t<div class=\"elementor-element elementor-element-bfc3541 elementor-widget elementor-widget-google_maps\" data-id=\"bfc3541\" data-element_type=\"widget\" data-widget_type=\"google_maps.default\">\n\t\t\t\t<div class=\"elementor-widget-container\">\n\t\t\t<style>\/*! elementor - v3.19.0 - 07-02-2024 *\/\n.elementor-widget-google_maps .elementor-widget-container{overflow:hidden}.elementor-widget-google_maps .elementor-custom-embed{line-height:0}.elementor-widget-google_maps iframe{height:300px}<\/style>\t\t<div class=\"elementor-custom-embed\">\n\t\t\t<iframe loading=\"lazy\"\n\t\t\t\t\tsrc=\"https:\/\/maps.google.com\/maps?q=Ti%C3%B3%20automoci%C3%B3&#038;t=m&#038;z=15&#038;output=embed&#038;iwloc=near\"\n\t\t\t\t\ttitle=\"Ti\u00f3 automoci\u00f3\"\n\t\t\t\t\taria-label=\"Ti\u00f3 automoci\u00f3\"\n\t\t\t><\/iframe>\n\t\t<\/div>\n\t\t\t\t<\/div>\n\t\t\t\t<\/div>\n\t\t\t\t<\/div>\n\t\t\t\t<\/div>\n\t\t<div class=\"elementor-element elementor-element-fbd16fe e-flex e-con-boxed e-con e-parent\" data-id=\"fbd16fe\" data-element_type=\"container\" data-settings=\"{&quot;content_width&quot;:&quot;boxed&quot;}\" data-core-v316-plus=\"true\">\n\t\t\t\t\t<div class=\"e-con-inner\">\n\t\t\t\t<div class=\"elementor-element elementor-element-92b027e poket-star-rating--align-center elementor-widget elementor-widget-witr_section_apartment\" data-id=\"92b027e\" data-element_type=\"widget\" data-widget_type=\"witr_section_apartment.default\">\n\t\t\t\t<div class=\"elementor-widget-container\">\n\t\t\t\n\t\t\t\t\t<div class=\"apartment_area\">\t\t\t\t\n\t\t\t\t\t\t<div class=\"apartment_text\">\t\t\n\t\t\t\t\t\t\t<!-- title -->\n\t\t\t\t\t\t\t\t\t\n\t\t\t\t\t\t\t<!-- content -->\n\t\t\t\t\t\t\t\t\t\t\t\t\t\t\t<h2>Contacta con Ti\u00f3 Automoci\u00f3 <\/h2>\t\t\n\t\t\t\t\t\t\t\t\t\t\t\t\t\t\n\t\t\t\t\t\t<\/div>\t\t\n\t\t\t\t\t\t<div class=\"witr_apartment_form\">\t\t\t\t\t\n\t\t\t\t\t\t\n<div class=\"wpcf7 no-js\" id=\"wpcf7-f17139-o1\" lang=\"es-ES\" dir=\"ltr\" data-wpcf7-id=\"17139\">\n<div class=\"screen-reader-response\"><p role=\"status\" aria-live=\"polite\" aria-atomic=\"true\"><\/p> <ul><\/ul><\/div>\n<form action=\"\/es\/wp-json\/wp\/v2\/pages\/16664#wpcf7-f17139-o1\" method=\"post\" class=\"wpcf7-form init\" aria-label=\"Formulario de contacto\" novalidate=\"novalidate\" data-status=\"init\">\n<fieldset class=\"hidden-fields-container\"><input type=\"hidden\" name=\"_wpcf7\" value=\"17139\" \/><input type=\"hidden\" name=\"_wpcf7_version\" value=\"6.1.5\" \/><input type=\"hidden\" name=\"_wpcf7_locale\" value=\"es_ES\" \/><input type=\"hidden\" name=\"_wpcf7_unit_tag\" value=\"wpcf7-f17139-o1\" \/><input type=\"hidden\" name=\"_wpcf7_container_post\" value=\"0\" \/><input type=\"hidden\" name=\"_wpcf7_posted_data_hash\" value=\"\" \/><input type=\"hidden\" name=\"_wpcf7_recaptcha_response\" value=\"\" \/>\n<\/fieldset>\n<p><label> Nombre<br \/>\n<span class=\"wpcf7-form-control-wrap\" data-name=\"your-name\"><input size=\"40\" maxlength=\"400\" class=\"wpcf7-form-control wpcf7-text wpcf7-validates-as-required\" autocomplete=\"name\" aria-required=\"true\" aria-invalid=\"false\" value=\"\" type=\"text\" name=\"your-name\" \/><\/span> <\/label>\n<\/p>\n<p><label> Correo<br \/>\n<span class=\"wpcf7-form-control-wrap\" data-name=\"your-email\"><input size=\"40\" maxlength=\"400\" class=\"wpcf7-form-control wpcf7-email wpcf7-validates-as-required wpcf7-text wpcf7-validates-as-email\" autocomplete=\"email\" aria-required=\"true\" aria-invalid=\"false\" value=\"\" type=\"email\" name=\"your-email\" \/><\/span> <\/label>\n<\/p>\n<p><label> Asunto<br \/>\n<span class=\"wpcf7-form-control-wrap\" data-name=\"your-subject\"><input size=\"40\" maxlength=\"400\" class=\"wpcf7-form-control wpcf7-text wpcf7-validates-as-required\" aria-required=\"true\" aria-invalid=\"false\" value=\"\" type=\"text\" name=\"your-subject\" \/><\/span> <\/label>\n<\/p>\n<p><label> Mensaje (opcional)<br \/>\n<span class=\"wpcf7-form-control-wrap\" data-name=\"your-message\"><textarea cols=\"40\" rows=\"10\" maxlength=\"2000\" class=\"wpcf7-form-control wpcf7-textarea\" aria-invalid=\"false\" name=\"your-message\"><\/textarea><\/span> <\/label>\n<\/p>\n<div class=\"col-lg-12 col-md-12\">\n\t<p><span class=\"wpcf7-form-control-wrap\" data-name=\"acceptance-67\"><span class=\"wpcf7-form-control wpcf7-acceptance\"><span class=\"wpcf7-list-item\"><label><input type=\"checkbox\" name=\"acceptance-67\" value=\"1\" class=\"acceptance\" id=\"acceptance-checkbox\" aria-invalid=\"false\" \/><span class=\"wpcf7-list-item-label\">He leido y acepto <a href=\"https:\/\/tioautomocio.com\/es\/politica-de-privacidad\/\">pol\u00edtica de privacidad*.<\/a><\/span><\/label><\/span><\/span><\/span>\n\t<\/p>\n<\/div>\n<p><input class=\"wpcf7-form-control wpcf7-submit has-spinner\" type=\"submit\" value=\"Envia\" \/>\n<\/p><div class=\"wpcf7-response-output\" aria-hidden=\"true\"><\/div>\n<\/form>\n<\/div>\n\t\t\t\t\t\t\t\t\n\t\t\t\t\t\t<\/div>\n\t\t\t\t\t<\/div>\t\t\t\t\t\n\t\t\n\t\t\t\t<\/div>\n\t\t\t\t<\/div>\n\t\t\t\t\t<\/div>\n\t\t\t\t<\/div>\n\t\t\t\t<\/div>\n\t\t","protected":false},"excerpt":{"rendered":"<p>Contacta con Ti\u00f3 Automoci\u00f3 931314800 \/\/ 602240367 tioautomocio@gmail.com Pol\u00edgon Industrial La Quintana Carrer del Comer\u00e7, 17 08504 Sant Juli\u00e0 de Vilatorta Contacta con Ti\u00f3 Automoci\u00f3 Nombre Correo Asunto Mensaje (opcional) He leido y acepto pol\u00edtica de privacidad*.<\/p>\n","protected":false},"author":1,"featured_media":0,"parent":0,"menu_order":0,"comment_status":"closed","ping_status":"closed","template":"template-home.php","meta":{"footnotes":""},"class_list":["post-16664","page","type-page","status-publish","hentry"],"yoast_head":"<!-- This site is optimized with the Yoast SEO plugin v22.0 - https:\/\/yoast.com\/wordpress\/plugins\/seo\/ -->\n<title>Taller mec\u00e1nico de confianza Vic. Servicio t\u00e9cnico Polaris<\/title>\n<meta name=\"description\" content=\"Contacta con nuestro taller mec\u00e1nico en Vic para servicios profesionales y r\u00e1pidos. Taller Castrol. Tu veh\u00edculo en buenas manos\" \/>\n<meta name=\"robots\" content=\"index, follow, max-snippet:-1, max-image-preview:large, max-video-preview:-1\" \/>\n<link rel=\"canonical\" href=\"https:\/\/tioautomocio.com\/es\/contacto\/\" \/>\n<meta property=\"og:locale\" content=\"es_ES\" \/>\n<meta property=\"og:type\" content=\"article\" \/>\n<meta property=\"og:title\" content=\"Taller mec\u00e1nico de confianza Vic. Servicio t\u00e9cnico Polaris\" \/>\n<meta property=\"og:description\" content=\"Contacta con nuestro taller mec\u00e1nico en Vic para servicios profesionales y r\u00e1pidos. Taller Castrol. Tu veh\u00edculo en buenas manos\" \/>\n<meta property=\"og:url\" content=\"https:\/\/tioautomocio.com\/es\/contacto\/\" \/>\n<meta property=\"og:site_name\" content=\"Ti\u00f3 Automoci\u00f3\" \/>\n<meta property=\"article:modified_time\" content=\"2024-07-19T10:11:47+00:00\" \/>\n<meta name=\"twitter:card\" content=\"summary_large_image\" \/>\n<meta name=\"twitter:label1\" content=\"Tiempo de lectura\" \/>\n\t<meta name=\"twitter:data1\" content=\"1 minuto\" \/>\n<script type=\"application\/ld+json\" class=\"yoast-schema-graph\">{\"@context\":\"https:\/\/schema.org\",\"@graph\":[{\"@type\":\"WebPage\",\"@id\":\"https:\/\/tioautomocio.com\/es\/contacto\/\",\"url\":\"https:\/\/tioautomocio.com\/es\/contacto\/\",\"name\":\"Taller mec\u00e1nico de confianza Vic. Servicio t\u00e9cnico Polaris\",\"isPartOf\":{\"@id\":\"https:\/\/tioautomocio.com\/es\/#website\"},\"datePublished\":\"2023-11-23T11:51:21+00:00\",\"dateModified\":\"2024-07-19T10:11:47+00:00\",\"description\":\"Contacta con nuestro taller mec\u00e1nico en Vic para servicios profesionales y r\u00e1pidos. Taller Castrol. Tu veh\u00edculo en buenas manos\",\"breadcrumb\":{\"@id\":\"https:\/\/tioautomocio.com\/es\/contacto\/#breadcrumb\"},\"inLanguage\":\"es\",\"potentialAction\":[{\"@type\":\"ReadAction\",\"target\":[\"https:\/\/tioautomocio.com\/es\/contacto\/\"]}]},{\"@type\":\"BreadcrumbList\",\"@id\":\"https:\/\/tioautomocio.com\/es\/contacto\/#breadcrumb\",\"itemListElement\":[{\"@type\":\"ListItem\",\"position\":1,\"name\":\"Inici\",\"item\":\"https:\/\/tioautomocio.com\/es\/\"},{\"@type\":\"ListItem\",\"position\":2,\"name\":\"Contacto\"}]},{\"@type\":\"WebSite\",\"@id\":\"https:\/\/tioautomocio.com\/es\/#website\",\"url\":\"https:\/\/tioautomocio.com\/es\/\",\"name\":\"Ti\u00f3 Automoci\u00f3\",\"description\":\"\",\"publisher\":{\"@id\":\"https:\/\/tioautomocio.com\/es\/#organization\"},\"potentialAction\":[{\"@type\":\"SearchAction\",\"target\":{\"@type\":\"EntryPoint\",\"urlTemplate\":\"https:\/\/tioautomocio.com\/es\/?s={search_term_string}\"},\"query-input\":\"required name=search_term_string\"}],\"inLanguage\":\"es\"},{\"@type\":\"Organization\",\"@id\":\"https:\/\/tioautomocio.com\/es\/#organization\",\"name\":\"Ti\u00f3 Automoci\u00f3\",\"url\":\"https:\/\/tioautomocio.com\/es\/\",\"logo\":{\"@type\":\"ImageObject\",\"inLanguage\":\"es\",\"@id\":\"https:\/\/tioautomocio.com\/es\/#\/schema\/logo\/image\/\",\"url\":\"https:\/\/tioautomocio.com\/wp-content\/uploads\/2024\/01\/logotio.jpg\",\"contentUrl\":\"https:\/\/tioautomocio.com\/wp-content\/uploads\/2024\/01\/logotio.jpg\",\"width\":640,\"height\":142,\"caption\":\"Ti\u00f3 Automoci\u00f3\"},\"image\":{\"@id\":\"https:\/\/tioautomocio.com\/es\/#\/schema\/logo\/image\/\"},\"sameAs\":[\"https:\/\/www.instagram.com\/tioautomocio\/\",\"https:\/\/www.linkedin.com\/in\/ti-automoci-905819148\/?originalSubdomain=es\",\"https:\/\/www.youtube.com\/@tioautomocio4140\"]}]}<\/script>\n<!-- \/ Yoast SEO plugin. -->","yoast_head_json":{"title":"Taller mec\u00e1nico de confianza Vic. Servicio t\u00e9cnico Polaris","description":"Contacta con nuestro taller mec\u00e1nico en Vic para servicios profesionales y r\u00e1pidos. Taller Castrol. Tu veh\u00edculo en buenas manos","robots":{"index":"index","follow":"follow","max-snippet":"max-snippet:-1","max-image-preview":"max-image-preview:large","max-video-preview":"max-video-preview:-1"},"canonical":"https:\/\/tioautomocio.com\/es\/contacto\/","og_locale":"es_ES","og_type":"article","og_title":"Taller mec\u00e1nico de confianza Vic. Servicio t\u00e9cnico Polaris","og_description":"Contacta con nuestro taller mec\u00e1nico en Vic para servicios profesionales y r\u00e1pidos. Taller Castrol. Tu veh\u00edculo en buenas manos","og_url":"https:\/\/tioautomocio.com\/es\/contacto\/","og_site_name":"Ti\u00f3 Automoci\u00f3","article_modified_time":"2024-07-19T10:11:47+00:00","twitter_card":"summary_large_image","twitter_misc":{"Tiempo de lectura":"1 minuto"},"schema":{"@context":"https:\/\/schema.org","@graph":[{"@type":"WebPage","@id":"https:\/\/tioautomocio.com\/es\/contacto\/","url":"https:\/\/tioautomocio.com\/es\/contacto\/","name":"Taller mec\u00e1nico de confianza Vic. Servicio t\u00e9cnico Polaris","isPartOf":{"@id":"https:\/\/tioautomocio.com\/es\/#website"},"datePublished":"2023-11-23T11:51:21+00:00","dateModified":"2024-07-19T10:11:47+00:00","description":"Contacta con nuestro taller mec\u00e1nico en Vic para servicios profesionales y r\u00e1pidos. Taller Castrol. Tu veh\u00edculo en buenas manos","breadcrumb":{"@id":"https:\/\/tioautomocio.com\/es\/contacto\/#breadcrumb"},"inLanguage":"es","potentialAction":[{"@type":"ReadAction","target":["https:\/\/tioautomocio.com\/es\/contacto\/"]}]},{"@type":"BreadcrumbList","@id":"https:\/\/tioautomocio.com\/es\/contacto\/#breadcrumb","itemListElement":[{"@type":"ListItem","position":1,"name":"Inici","item":"https:\/\/tioautomocio.com\/es\/"},{"@type":"ListItem","position":2,"name":"Contacto"}]},{"@type":"WebSite","@id":"https:\/\/tioautomocio.com\/es\/#website","url":"https:\/\/tioautomocio.com\/es\/","name":"Ti\u00f3 Automoci\u00f3","description":"","publisher":{"@id":"https:\/\/tioautomocio.com\/es\/#organization"},"potentialAction":[{"@type":"SearchAction","target":{"@type":"EntryPoint","urlTemplate":"https:\/\/tioautomocio.com\/es\/?s={search_term_string}"},"query-input":"required name=search_term_string"}],"inLanguage":"es"},{"@type":"Organization","@id":"https:\/\/tioautomocio.com\/es\/#organization","name":"Ti\u00f3 Automoci\u00f3","url":"https:\/\/tioautomocio.com\/es\/","logo":{"@type":"ImageObject","inLanguage":"es","@id":"https:\/\/tioautomocio.com\/es\/#\/schema\/logo\/image\/","url":"https:\/\/tioautomocio.com\/wp-content\/uploads\/2024\/01\/logotio.jpg","contentUrl":"https:\/\/tioautomocio.com\/wp-content\/uploads\/2024\/01\/logotio.jpg","width":640,"height":142,"caption":"Ti\u00f3 Automoci\u00f3"},"image":{"@id":"https:\/\/tioautomocio.com\/es\/#\/schema\/logo\/image\/"},"sameAs":["https:\/\/www.instagram.com\/tioautomocio\/","https:\/\/www.linkedin.com\/in\/ti-automoci-905819148\/?originalSubdomain=es","https:\/\/www.youtube.com\/@tioautomocio4140"]}]}},"_links":{"self":[{"href":"https:\/\/tioautomocio.com\/es\/wp-json\/wp\/v2\/pages\/16664","targetHints":{"allow":["GET"]}}],"collection":[{"href":"https:\/\/tioautomocio.com\/es\/wp-json\/wp\/v2\/pages"}],"about":[{"href":"https:\/\/tioautomocio.com\/es\/wp-json\/wp\/v2\/types\/page"}],"author":[{"embeddable":true,"href":"https:\/\/tioautomocio.com\/es\/wp-json\/wp\/v2\/users\/1"}],"replies":[{"embeddable":true,"href":"https:\/\/tioautomocio.com\/es\/wp-json\/wp\/v2\/comments?post=16664"}],"version-history":[{"count":13,"href":"https:\/\/tioautomocio.com\/es\/wp-json\/wp\/v2\/pages\/16664\/revisions"}],"predecessor-version":[{"id":17214,"href":"https:\/\/tioautomocio.com\/es\/wp-json\/wp\/v2\/pages\/16664\/revisions\/17214"}],"wp:attachment":[{"href":"https:\/\/tioautomocio.com\/es\/wp-json\/wp\/v2\/media?parent=16664"}],"curies":[{"name":"wp","href":"https:\/\/api.w.org\/{rel}","templated":true}]}}