{"id":16666,"date":"2023-11-23T12:23:06","date_gmt":"2023-11-23T11:23:06","guid":{"rendered":"https:\/\/tioautomocio.com\/pre-itv\/"},"modified":"2024-11-14T09:45:29","modified_gmt":"2024-11-14T08:45:29","slug":"pre-itv","status":"publish","type":"page","link":"https:\/\/tioautomocio.com\/es\/pre-itv\/","title":{"rendered":"Pre ITV"},"content":{"rendered":"\t\t<div data-elementor-type=\"wp-page\" data-elementor-id=\"16666\" class=\"elementor elementor-16666 elementor-15960\">\n\t\t\t\t\t\t<section class=\"elementor-section elementor-top-section elementor-element elementor-element-4681f1d elementor-section-boxed elementor-section-height-default elementor-section-height-default\" data-id=\"4681f1d\" data-element_type=\"section\">\n\t\t\t\t\t\t<div class=\"elementor-container elementor-column-gap-default\">\n\t\t\t\t\t<div class=\"elementor-column elementor-col-50 elementor-top-column elementor-element elementor-element-ff16881\" data-id=\"ff16881\" data-element_type=\"column\">\n\t\t\t<div class=\"elementor-widget-wrap elementor-element-populated\">\n\t\t\t\t\t\t<div class=\"elementor-element elementor-element-c2a7369 elementor-widget elementor-widget-witr_section_s_image\" data-id=\"c2a7369\" data-element_type=\"widget\" data-widget_type=\"witr_section_s_image.default\">\n\t\t\t\t<div class=\"elementor-widget-container\">\n\t\t\t\t\n\t\t<div class=\"single_image_area\">\n\t\t\t<div class=\"single_image single_line_option  \">\n\t\t\t\t<!-- image -->\n\t\t\t\t\t\t\t\t\t<img decoding=\"async\" src=\"https:\/\/tioautomocio.com\/wp-content\/uploads\/2024\/01\/SERVEIS_ITV.png\" alt=\"\" \/>\n\t\t\t\t\t\t\n\t\t\t\t\t\t\t\t\t\t\t<\/div>\n\t\t<\/div>\n\t\t\t\n\t\t\t\n\t\t\n\t\t\t\n\t\t\t\t<\/div>\n\t\t\t\t<\/div>\n\t\t\t\t\t<\/div>\n\t\t<\/div>\n\t\t\t\t<div class=\"elementor-column elementor-col-50 elementor-top-column elementor-element elementor-element-2ba9d80\" data-id=\"2ba9d80\" data-element_type=\"column\">\n\t\t\t<div class=\"elementor-widget-wrap elementor-element-populated\">\n\t\t\t\t\t\t<div class=\"elementor-element elementor-element-74dddc5 elementor-widget elementor-widget-heading\" data-id=\"74dddc5\" data-element_type=\"widget\" data-widget_type=\"heading.default\">\n\t\t\t\t<div class=\"elementor-widget-container\">\n\t\t\t<style>\/*! elementor - v3.19.0 - 07-02-2024 *\/\n.elementor-heading-title{padding:0;margin:0;line-height:1}.elementor-widget-heading .elementor-heading-title[class*=elementor-size-]>a{color:inherit;font-size:inherit;line-height:inherit}.elementor-widget-heading .elementor-heading-title.elementor-size-small{font-size:15px}.elementor-widget-heading .elementor-heading-title.elementor-size-medium{font-size:19px}.elementor-widget-heading .elementor-heading-title.elementor-size-large{font-size:29px}.elementor-widget-heading .elementor-heading-title.elementor-size-xl{font-size:39px}.elementor-widget-heading .elementor-heading-title.elementor-size-xxl{font-size:59px}<\/style><h1 class=\"elementor-heading-title elementor-size-default\">Previo ITV<\/h1>\t\t<\/div>\n\t\t\t\t<\/div>\n\t\t\t\t<div class=\"elementor-element elementor-element-11c2d70 poket-star-rating--align-center elementor-widget elementor-widget-witr_section_title\" data-id=\"11c2d70\" data-element_type=\"widget\" data-widget_type=\"witr_section_title.default\">\n\t\t\t\t<div class=\"elementor-widget-container\">\n\t\t\t\t\t\t\t\t<!-- title left -->\n\t\t\t\t\t<div class=\"witr_section_title\">\n\t\t\t\t\t\t<div class=\"witr_section_title_inner text-left\">\n\t\t\t\t\t\t\n\t\t\t\t\t\t\t<!-- icon position -->\n\t\t\t\t\t\t\t\t\t\t\t\t\t\t\n\t\t\t\t\t\t\t<!-- image -->\n\t\t\t\t\t\t\t\t\t\t\t\t\t\t<!-- icon -->\n\t\t\t\t\t\t\t\t\t\t\t\t\t\t\n\t\t\t\t\t\t\t<!-- bar -->\n\t\t\t\t\t\t\t\t\t\t\t\t\t\t<!-- circle bar -->\n\t\t\t\t\t\t\t\t\t\t\t\t\t\t\n\t\t\t\t\t\t\t\t\n\t\t\t\t\t\t\t<!-- end icon position -->\n\t\t\t\t\t\t\n\t\t\t\t\t\t\n\t\t\t\t\t\t\t<!-- title top -->\n\t\t\t\t\t\t\t\n\t\t\t\t\t\t\t<!-- icon position -->\n\t\t\t\t\t\t\t\t\n\t\t\t\t\t\t\t<!-- end icon position -->\n\n\t\t\t\t\t\t\t\n\t\t\t\t\t\t\t<!-- title middle -->\n\t\t\t\t\t\t\t\t\t\t\t\t\t\t<!-- title bottom -->\n\t\t\t\t\t\t\t\t\t\t\t\t\t\t\n\t\t\t\t\t\t\t<!-- icon position -->\n\t\t\t\t\t\t\t\t\n\t\t\t\t\t\t\t<!-- end icon position -->\n\n\t\t\t\t\t\t\t<!-- content -->\n\t\t\t\t\t\t\t\t\t\t\t\t\t\t\t<p>Cuando llega la hora de pasar la ITV (Inspecci\u00f3n T\u00e9cnica del Veh\u00edculo), es muy importante estar precavido, por eso le recomendamos antes hacer una revisi\u00f3n pre-ITV.\n<br><br>\nDurante esta revisi\u00f3n comprobamos el estado de los neum\u00e1ticos, bombillas, retrovisores, placas de matr\u00edcula, cinturones, frenos, niveles de l\u00edquidos...para poder acudir al centro de ITV con el veh\u00edculo con las mejores condiciones posibles.\n<br><br>\nY si adem\u00e1s quieres que nosotros mismos llevemos tu veh\u00edculo a la ITV, nos encargamos de pedir hora y ll\u00e9vale nosotros mismos sin que tengas que preocuparte de nada.\n<br><br>\nEn Ti\u00f3 Automoci\u00f3 procuramos siempre dar el m\u00e1ximo servicio posible.\n <\/p>\t\t\n\t\t\t\t\t\t\t\t\t\t\t\t\t<\/div>\n\t\t\t\t\t\t\t<!-- inner title -->\n\t\t\t\t\t\t\t\t\t\t\t\t\t\n\t\t\t\t\t<\/div>\t\t\t\t\n\t\t\t\t\t\t<\/div>\n\t\t\t\t<\/div>\n\t\t\t\t\t<\/div>\n\t\t<\/div>\n\t\t\t\t\t<\/div>\n\t\t<\/section>\n\t\t\t\t<\/div>\n\t\t","protected":false},"excerpt":{"rendered":"<p>Previo ITV Cuando llega la hora de pasar la ITV (Inspecci\u00f3n T\u00e9cnica del Veh\u00edculo), es muy importante estar precavido, por eso le recomendamos antes hacer una revisi\u00f3n pre-ITV. Durante esta revisi\u00f3n comprobamos el estado de los neum\u00e1ticos, bombillas, retrovisores, placas de matr\u00edcula, cinturones, frenos, niveles de l\u00edquidos&#8230;para poder acudir al centro de ITV con el [&hellip;]<\/p>\n","protected":false},"author":1,"featured_media":0,"parent":0,"menu_order":0,"comment_status":"closed","ping_status":"closed","template":"template-home.php","meta":{"footnotes":""},"class_list":["post-16666","page","type-page","status-publish","hentry"],"yoast_head":"<!-- This site is optimized with the Yoast SEO plugin v22.0 - https:\/\/yoast.com\/wordpress\/plugins\/seo\/ -->\n<title>Pre-ITV en Vic | Mantenimiento coche para la ITV<\/title>\n<meta name=\"description\" content=\"Preparaci\u00f3n para la ITV de tu veh\u00edculo en Vic. Mantenimiento de tu coche para pasar la inspecci\u00f3n ITV. Ll\u00e1manos\" \/>\n<meta name=\"robots\" content=\"index, follow, max-snippet:-1, max-image-preview:large, max-video-preview:-1\" \/>\n<link rel=\"canonical\" href=\"https:\/\/tioautomocio.com\/es\/pre-itv\/\" \/>\n<meta property=\"og:locale\" content=\"es_ES\" \/>\n<meta property=\"og:type\" content=\"article\" \/>\n<meta property=\"og:title\" content=\"Pre-ITV en Vic | Mantenimiento coche para la ITV\" \/>\n<meta property=\"og:description\" content=\"Preparaci\u00f3n para la ITV de tu veh\u00edculo en Vic. Mantenimiento de tu coche para pasar la inspecci\u00f3n ITV. Ll\u00e1manos\" \/>\n<meta property=\"og:url\" content=\"https:\/\/tioautomocio.com\/es\/pre-itv\/\" \/>\n<meta property=\"og:site_name\" content=\"Ti\u00f3 Automoci\u00f3\" \/>\n<meta property=\"article:modified_time\" content=\"2024-11-14T08:45:29+00:00\" \/>\n<meta property=\"og:image\" content=\"https:\/\/tioautomocio.com\/wp-content\/uploads\/2024\/01\/SERVEIS_ITV.png\" \/>\n<meta name=\"twitter:card\" content=\"summary_large_image\" \/>\n<meta name=\"twitter:label1\" content=\"Tiempo de lectura\" \/>\n\t<meta name=\"twitter:data1\" content=\"1 minuto\" \/>\n<script type=\"application\/ld+json\" class=\"yoast-schema-graph\">{\"@context\":\"https:\/\/schema.org\",\"@graph\":[{\"@type\":\"WebPage\",\"@id\":\"https:\/\/tioautomocio.com\/es\/pre-itv\/\",\"url\":\"https:\/\/tioautomocio.com\/es\/pre-itv\/\",\"name\":\"Pre-ITV en Vic | Mantenimiento coche para la ITV\",\"isPartOf\":{\"@id\":\"https:\/\/tioautomocio.com\/es\/#website\"},\"datePublished\":\"2023-11-23T11:23:06+00:00\",\"dateModified\":\"2024-11-14T08:45:29+00:00\",\"description\":\"Preparaci\u00f3n para la ITV de tu veh\u00edculo en Vic. Mantenimiento de tu coche para pasar la inspecci\u00f3n ITV. Ll\u00e1manos\",\"breadcrumb\":{\"@id\":\"https:\/\/tioautomocio.com\/es\/pre-itv\/#breadcrumb\"},\"inLanguage\":\"es\",\"potentialAction\":[{\"@type\":\"ReadAction\",\"target\":[\"https:\/\/tioautomocio.com\/es\/pre-itv\/\"]}]},{\"@type\":\"BreadcrumbList\",\"@id\":\"https:\/\/tioautomocio.com\/es\/pre-itv\/#breadcrumb\",\"itemListElement\":[{\"@type\":\"ListItem\",\"position\":1,\"name\":\"Inici\",\"item\":\"https:\/\/tioautomocio.com\/es\/\"},{\"@type\":\"ListItem\",\"position\":2,\"name\":\"Pre ITV\"}]},{\"@type\":\"WebSite\",\"@id\":\"https:\/\/tioautomocio.com\/es\/#website\",\"url\":\"https:\/\/tioautomocio.com\/es\/\",\"name\":\"Ti\u00f3 Automoci\u00f3\",\"description\":\"\",\"publisher\":{\"@id\":\"https:\/\/tioautomocio.com\/es\/#organization\"},\"potentialAction\":[{\"@type\":\"SearchAction\",\"target\":{\"@type\":\"EntryPoint\",\"urlTemplate\":\"https:\/\/tioautomocio.com\/es\/?s={search_term_string}\"},\"query-input\":\"required name=search_term_string\"}],\"inLanguage\":\"es\"},{\"@type\":\"Organization\",\"@id\":\"https:\/\/tioautomocio.com\/es\/#organization\",\"name\":\"Ti\u00f3 Automoci\u00f3\",\"url\":\"https:\/\/tioautomocio.com\/es\/\",\"logo\":{\"@type\":\"ImageObject\",\"inLanguage\":\"es\",\"@id\":\"https:\/\/tioautomocio.com\/es\/#\/schema\/logo\/image\/\",\"url\":\"https:\/\/tioautomocio.com\/wp-content\/uploads\/2024\/01\/logotio.jpg\",\"contentUrl\":\"https:\/\/tioautomocio.com\/wp-content\/uploads\/2024\/01\/logotio.jpg\",\"width\":640,\"height\":142,\"caption\":\"Ti\u00f3 Automoci\u00f3\"},\"image\":{\"@id\":\"https:\/\/tioautomocio.com\/es\/#\/schema\/logo\/image\/\"},\"sameAs\":[\"https:\/\/www.instagram.com\/tioautomocio\/\",\"https:\/\/www.linkedin.com\/in\/ti-automoci-905819148\/?originalSubdomain=es\",\"https:\/\/www.youtube.com\/@tioautomocio4140\"]}]}<\/script>\n<!-- \/ Yoast SEO plugin. -->","yoast_head_json":{"title":"Pre-ITV en Vic | Mantenimiento coche para la ITV","description":"Preparaci\u00f3n para la ITV de tu veh\u00edculo en Vic. Mantenimiento de tu coche para pasar la inspecci\u00f3n ITV. Ll\u00e1manos","robots":{"index":"index","follow":"follow","max-snippet":"max-snippet:-1","max-image-preview":"max-image-preview:large","max-video-preview":"max-video-preview:-1"},"canonical":"https:\/\/tioautomocio.com\/es\/pre-itv\/","og_locale":"es_ES","og_type":"article","og_title":"Pre-ITV en Vic | Mantenimiento coche para la ITV","og_description":"Preparaci\u00f3n para la ITV de tu veh\u00edculo en Vic. Mantenimiento de tu coche para pasar la inspecci\u00f3n ITV. Ll\u00e1manos","og_url":"https:\/\/tioautomocio.com\/es\/pre-itv\/","og_site_name":"Ti\u00f3 Automoci\u00f3","article_modified_time":"2024-11-14T08:45:29+00:00","og_image":[{"url":"https:\/\/tioautomocio.com\/wp-content\/uploads\/2024\/01\/SERVEIS_ITV.png"}],"twitter_card":"summary_large_image","twitter_misc":{"Tiempo de lectura":"1 minuto"},"schema":{"@context":"https:\/\/schema.org","@graph":[{"@type":"WebPage","@id":"https:\/\/tioautomocio.com\/es\/pre-itv\/","url":"https:\/\/tioautomocio.com\/es\/pre-itv\/","name":"Pre-ITV en Vic | Mantenimiento coche para la ITV","isPartOf":{"@id":"https:\/\/tioautomocio.com\/es\/#website"},"datePublished":"2023-11-23T11:23:06+00:00","dateModified":"2024-11-14T08:45:29+00:00","description":"Preparaci\u00f3n para la ITV de tu veh\u00edculo en Vic. Mantenimiento de tu coche para pasar la inspecci\u00f3n ITV. Ll\u00e1manos","breadcrumb":{"@id":"https:\/\/tioautomocio.com\/es\/pre-itv\/#breadcrumb"},"inLanguage":"es","potentialAction":[{"@type":"ReadAction","target":["https:\/\/tioautomocio.com\/es\/pre-itv\/"]}]},{"@type":"BreadcrumbList","@id":"https:\/\/tioautomocio.com\/es\/pre-itv\/#breadcrumb","itemListElement":[{"@type":"ListItem","position":1,"name":"Inici","item":"https:\/\/tioautomocio.com\/es\/"},{"@type":"ListItem","position":2,"name":"Pre ITV"}]},{"@type":"WebSite","@id":"https:\/\/tioautomocio.com\/es\/#website","url":"https:\/\/tioautomocio.com\/es\/","name":"Ti\u00f3 Automoci\u00f3","description":"","publisher":{"@id":"https:\/\/tioautomocio.com\/es\/#organization"},"potentialAction":[{"@type":"SearchAction","target":{"@type":"EntryPoint","urlTemplate":"https:\/\/tioautomocio.com\/es\/?s={search_term_string}"},"query-input":"required name=search_term_string"}],"inLanguage":"es"},{"@type":"Organization","@id":"https:\/\/tioautomocio.com\/es\/#organization","name":"Ti\u00f3 Automoci\u00f3","url":"https:\/\/tioautomocio.com\/es\/","logo":{"@type":"ImageObject","inLanguage":"es","@id":"https:\/\/tioautomocio.com\/es\/#\/schema\/logo\/image\/","url":"https:\/\/tioautomocio.com\/wp-content\/uploads\/2024\/01\/logotio.jpg","contentUrl":"https:\/\/tioautomocio.com\/wp-content\/uploads\/2024\/01\/logotio.jpg","width":640,"height":142,"caption":"Ti\u00f3 Automoci\u00f3"},"image":{"@id":"https:\/\/tioautomocio.com\/es\/#\/schema\/logo\/image\/"},"sameAs":["https:\/\/www.instagram.com\/tioautomocio\/","https:\/\/www.linkedin.com\/in\/ti-automoci-905819148\/?originalSubdomain=es","https:\/\/www.youtube.com\/@tioautomocio4140"]}]}},"_links":{"self":[{"href":"https:\/\/tioautomocio.com\/es\/wp-json\/wp\/v2\/pages\/16666","targetHints":{"allow":["GET"]}}],"collection":[{"href":"https:\/\/tioautomocio.com\/es\/wp-json\/wp\/v2\/pages"}],"about":[{"href":"https:\/\/tioautomocio.com\/es\/wp-json\/wp\/v2\/types\/page"}],"author":[{"embeddable":true,"href":"https:\/\/tioautomocio.com\/es\/wp-json\/wp\/v2\/users\/1"}],"replies":[{"embeddable":true,"href":"https:\/\/tioautomocio.com\/es\/wp-json\/wp\/v2\/comments?post=16666"}],"version-history":[{"count":12,"href":"https:\/\/tioautomocio.com\/es\/wp-json\/wp\/v2\/pages\/16666\/revisions"}],"predecessor-version":[{"id":17127,"href":"https:\/\/tioautomocio.com\/es\/wp-json\/wp\/v2\/pages\/16666\/revisions\/17127"}],"wp:attachment":[{"href":"https:\/\/tioautomocio.com\/es\/wp-json\/wp\/v2\/media?parent=16666"}],"curies":[{"name":"wp","href":"https:\/\/api.w.org\/{rel}","templated":true}]}}