{"id":16670,"date":"2023-11-23T12:21:54","date_gmt":"2023-11-23T11:21:54","guid":{"rendered":"https:\/\/tioautomocio.com\/pneumatics\/"},"modified":"2024-12-10T22:27:29","modified_gmt":"2024-12-10T21:27:29","slug":"neumaticos","status":"publish","type":"page","link":"https:\/\/tioautomocio.com\/es\/neumaticos\/","title":{"rendered":"Neum\u00e1ticos"},"content":{"rendered":"\t\t<div data-elementor-type=\"wp-page\" data-elementor-id=\"16670\" class=\"elementor elementor-16670 elementor-15952\">\n\t\t\t\t\t\t<section class=\"elementor-section elementor-top-section elementor-element elementor-element-4681f1d elementor-section-boxed elementor-section-height-default elementor-section-height-default\" data-id=\"4681f1d\" data-element_type=\"section\">\n\t\t\t\t\t\t<div class=\"elementor-container elementor-column-gap-default\">\n\t\t\t\t\t<div class=\"elementor-column elementor-col-50 elementor-top-column elementor-element elementor-element-ff16881\" data-id=\"ff16881\" data-element_type=\"column\">\n\t\t\t<div class=\"elementor-widget-wrap elementor-element-populated\">\n\t\t\t\t\t\t<div class=\"elementor-element elementor-element-8116a92 elementor-widget elementor-widget-witr_section_s_image\" data-id=\"8116a92\" data-element_type=\"widget\" data-widget_type=\"witr_section_s_image.default\">\n\t\t\t\t<div class=\"elementor-widget-container\">\n\t\t\t\t\n\t\t<div class=\"single_image_area\">\n\t\t\t<div class=\"single_image single_line_option  \">\n\t\t\t\t<!-- image -->\n\t\t\t\t\t\t\t\t\t<img decoding=\"async\" src=\"https:\/\/tioautomocio.com\/wp-content\/uploads\/2023\/11\/ZONA-EINES-1.jpg\" alt=\"\" \/>\n\t\t\t\t\t\t\n\t\t\t\t\t\t\t\t\t\t\t<\/div>\n\t\t<\/div>\n\t\t\t\n\t\t\t\n\t\t\n\t\t\t\n\t\t\t\t<\/div>\n\t\t\t\t<\/div>\n\t\t\t\t<div class=\"elementor-element elementor-element-c2a7369 elementor-widget elementor-widget-witr_section_s_image\" data-id=\"c2a7369\" data-element_type=\"widget\" data-widget_type=\"witr_section_s_image.default\">\n\t\t\t\t<div class=\"elementor-widget-container\">\n\t\t\t\t\n\t\t<div class=\"single_image_area\">\n\t\t\t<div class=\"single_image single_line_option  \">\n\t\t\t\t<!-- image -->\n\t\t\t\t\t\t\t\t\t<img decoding=\"async\" src=\"https:\/\/tioautomocio.com\/wp-content\/uploads\/2024\/01\/SERVEIS-PNEUMATCS.jpg\" alt=\"\" \/>\n\t\t\t\t\t\t\n\t\t\t\t\t\t\t\t\t\t\t<\/div>\n\t\t<\/div>\n\t\t\t\n\t\t\t\n\t\t\n\t\t\t\n\t\t\t\t<\/div>\n\t\t\t\t<\/div>\n\t\t\t\t\t<\/div>\n\t\t<\/div>\n\t\t\t\t<div class=\"elementor-column elementor-col-50 elementor-top-column elementor-element elementor-element-2ba9d80\" data-id=\"2ba9d80\" data-element_type=\"column\">\n\t\t\t<div class=\"elementor-widget-wrap elementor-element-populated\">\n\t\t\t\t\t\t<div class=\"elementor-element elementor-element-61f061f elementor-widget elementor-widget-heading\" data-id=\"61f061f\" data-element_type=\"widget\" data-widget_type=\"heading.default\">\n\t\t\t\t<div class=\"elementor-widget-container\">\n\t\t\t<style>\/*! elementor - v3.19.0 - 07-02-2024 *\/\n.elementor-heading-title{padding:0;margin:0;line-height:1}.elementor-widget-heading .elementor-heading-title[class*=elementor-size-]>a{color:inherit;font-size:inherit;line-height:inherit}.elementor-widget-heading .elementor-heading-title.elementor-size-small{font-size:15px}.elementor-widget-heading .elementor-heading-title.elementor-size-medium{font-size:19px}.elementor-widget-heading .elementor-heading-title.elementor-size-large{font-size:29px}.elementor-widget-heading .elementor-heading-title.elementor-size-xl{font-size:39px}.elementor-widget-heading .elementor-heading-title.elementor-size-xxl{font-size:59px}<\/style><h1 class=\"elementor-heading-title elementor-size-default\">Neum\u00e1ticos<\/h1>\t\t<\/div>\n\t\t\t\t<\/div>\n\t\t\t\t<div class=\"elementor-element elementor-element-11c2d70 poket-star-rating--align-center elementor-widget elementor-widget-witr_section_title\" data-id=\"11c2d70\" data-element_type=\"widget\" data-widget_type=\"witr_section_title.default\">\n\t\t\t\t<div class=\"elementor-widget-container\">\n\t\t\t\t\t\t\t\t<!-- title left -->\n\t\t\t\t\t<div class=\"witr_section_title\">\n\t\t\t\t\t\t<div class=\"witr_section_title_inner text-left\">\n\t\t\t\t\t\t\n\t\t\t\t\t\t\t<!-- icon position -->\n\t\t\t\t\t\t\t\t\t\t\t\t\t\t\n\t\t\t\t\t\t\t<!-- image -->\n\t\t\t\t\t\t\t\t\t\t\t\t\t\t<!-- icon -->\n\t\t\t\t\t\t\t\t\t\t\t\t\t\t\n\t\t\t\t\t\t\t<!-- bar -->\n\t\t\t\t\t\t\t\t\t\t\t\t\t\t<!-- circle bar -->\n\t\t\t\t\t\t\t\t\t\t\t\t\t\t\n\t\t\t\t\t\t\t\t\n\t\t\t\t\t\t\t<!-- end icon position -->\n\t\t\t\t\t\t\n\t\t\t\t\t\t\n\t\t\t\t\t\t\t<!-- title top -->\n\t\t\t\t\t\t\t\n\t\t\t\t\t\t\t<!-- icon position -->\n\t\t\t\t\t\t\t\t\n\t\t\t\t\t\t\t<!-- end icon position -->\n\n\t\t\t\t\t\t\t\n\t\t\t\t\t\t\t<!-- title middle -->\n\t\t\t\t\t\t\t\t\t\t\t\t\t\t<!-- title bottom -->\n\t\t\t\t\t\t\t\t\t\t\t\t\t\t\n\t\t\t\t\t\t\t<!-- icon position -->\n\t\t\t\t\t\t\t\t\n\t\t\t\t\t\t\t<!-- end icon position -->\n\n\t\t\t\t\t\t\t<!-- content -->\n\t\t\t\t\t\t\t\t\t\t\t\t\t\t\t<p>En la conducci\u00f3n, uno de los elementos clave que debemos tener revisados son los neum\u00e1ticos, tanto por la presi\u00f3n de los mismos como por la necesidad de sustituirlos cuando ya no cumplen los requisitos adecuados. Revisando los neum\u00e1ticos podemos evitar el fen\u00f3meno del aquaplanning o un pinchazo en una rueda.\n<br><br>\nPor eso debemos conocer las recomendaciones establecidas por el fabricante y la misma normativa para conocer el momento en que debemos cambiar las ruedas.\n<br><br>\nTambi\u00e9n reparamos pinchazos al momento.\n<br><br>\nEl montaje y el equilibrado son gratuitos (cuando ponemos neum\u00e1ticos nuevos). <\/p>\t\t\n\t\t\t\t\t\t\t\t\t\t\t\t\t<\/div>\n\t\t\t\t\t\t\t<!-- inner title -->\n\t\t\t\t\t\t\t\t\t\t\t\t\t\n\t\t\t\t\t<\/div>\t\t\t\t\n\t\t\t\t\t\t<\/div>\n\t\t\t\t<\/div>\n\t\t\t\t<div class=\"elementor-element elementor-element-d24e5fa elementor-widget elementor-widget-witr_section_s_image\" data-id=\"d24e5fa\" data-element_type=\"widget\" data-widget_type=\"witr_section_s_image.default\">\n\t\t\t\t<div class=\"elementor-widget-container\">\n\t\t\t\t\n\t\t<div class=\"single_image_area\">\n\t\t\t<div class=\"single_image single_line_option  \">\n\t\t\t\t<!-- image -->\n\t\t\t\t\t\t\t\t\t<img decoding=\"async\" src=\"https:\/\/tioautomocio.com\/wp-content\/uploads\/2023\/11\/PNEUMATICS.jpg\" alt=\"\" \/>\n\t\t\t\t\t\t\n\t\t\t\t\t\t\t\t\t\t\t<\/div>\n\t\t<\/div>\n\t\t\t\n\t\t\t\n\t\t\n\t\t\t\n\t\t\t\t<\/div>\n\t\t\t\t<\/div>\n\t\t\t\t\t<\/div>\n\t\t<\/div>\n\t\t\t\t\t<\/div>\n\t\t<\/section>\n\t\t\t\t<\/div>\n\t\t","protected":false},"excerpt":{"rendered":"<p>Neum\u00e1ticos En la conducci\u00f3n, uno de los elementos clave que debemos tener revisados son los neum\u00e1ticos, tanto por la presi\u00f3n de los mismos como por la necesidad de sustituirlos cuando ya no cumplen los requisitos adecuados. Revisando los neum\u00e1ticos podemos evitar el fen\u00f3meno del aquaplanning o un pinchazo en una rueda. Por eso debemos conocer [&hellip;]<\/p>\n","protected":false},"author":1,"featured_media":0,"parent":0,"menu_order":0,"comment_status":"closed","ping_status":"closed","template":"template-home.php","meta":{"footnotes":""},"class_list":["post-16670","page","type-page","status-publish","hentry"],"yoast_head":"<!-- This site is optimized with the Yoast SEO plugin v22.0 - https:\/\/yoast.com\/wordpress\/plugins\/seo\/ -->\n<title>Taller Mec\u00e1nico y venta de neum\u00e1ticos en Vic<\/title>\n<meta name=\"description\" content=\"Descubre nuestro taller mec\u00e1nico en Vic - Expertos en neum\u00e1ticos, revisiones y mantenimiento para tu veh\u00edculo. \u00a1Servicio profesional!\" \/>\n<meta name=\"robots\" content=\"index, follow, max-snippet:-1, max-image-preview:large, max-video-preview:-1\" \/>\n<link rel=\"canonical\" href=\"https:\/\/tioautomocio.com\/es\/neumaticos\/\" \/>\n<meta property=\"og:locale\" content=\"es_ES\" \/>\n<meta property=\"og:type\" content=\"article\" \/>\n<meta property=\"og:title\" content=\"Taller Mec\u00e1nico y venta de neum\u00e1ticos en Vic\" \/>\n<meta property=\"og:description\" content=\"Descubre nuestro taller mec\u00e1nico en Vic - Expertos en neum\u00e1ticos, revisiones y mantenimiento para tu veh\u00edculo. \u00a1Servicio profesional!\" \/>\n<meta property=\"og:url\" content=\"https:\/\/tioautomocio.com\/es\/neumaticos\/\" \/>\n<meta property=\"og:site_name\" content=\"Ti\u00f3 Automoci\u00f3\" \/>\n<meta property=\"article:modified_time\" content=\"2024-12-10T21:27:29+00:00\" \/>\n<meta property=\"og:image\" content=\"https:\/\/tioautomocio.com\/wp-content\/uploads\/2023\/11\/ZONA-EINES-1.jpg\" \/>\n<meta name=\"twitter:card\" content=\"summary_large_image\" \/>\n<meta name=\"twitter:label1\" content=\"Tiempo de lectura\" \/>\n\t<meta name=\"twitter:data1\" content=\"2 minutos\" \/>\n<script type=\"application\/ld+json\" class=\"yoast-schema-graph\">{\"@context\":\"https:\/\/schema.org\",\"@graph\":[{\"@type\":\"WebPage\",\"@id\":\"https:\/\/tioautomocio.com\/es\/neumaticos\/\",\"url\":\"https:\/\/tioautomocio.com\/es\/neumaticos\/\",\"name\":\"Taller Mec\u00e1nico y venta de neum\u00e1ticos en Vic\",\"isPartOf\":{\"@id\":\"https:\/\/tioautomocio.com\/es\/#website\"},\"datePublished\":\"2023-11-23T11:21:54+00:00\",\"dateModified\":\"2024-12-10T21:27:29+00:00\",\"description\":\"Descubre nuestro taller mec\u00e1nico en Vic - Expertos en neum\u00e1ticos, revisiones y mantenimiento para tu veh\u00edculo. \u00a1Servicio profesional!\",\"breadcrumb\":{\"@id\":\"https:\/\/tioautomocio.com\/es\/neumaticos\/#breadcrumb\"},\"inLanguage\":\"es\",\"potentialAction\":[{\"@type\":\"ReadAction\",\"target\":[\"https:\/\/tioautomocio.com\/es\/neumaticos\/\"]}]},{\"@type\":\"BreadcrumbList\",\"@id\":\"https:\/\/tioautomocio.com\/es\/neumaticos\/#breadcrumb\",\"itemListElement\":[{\"@type\":\"ListItem\",\"position\":1,\"name\":\"Inici\",\"item\":\"https:\/\/tioautomocio.com\/es\/\"},{\"@type\":\"ListItem\",\"position\":2,\"name\":\"Neum\u00e1ticos\"}]},{\"@type\":\"WebSite\",\"@id\":\"https:\/\/tioautomocio.com\/es\/#website\",\"url\":\"https:\/\/tioautomocio.com\/es\/\",\"name\":\"Ti\u00f3 Automoci\u00f3\",\"description\":\"\",\"publisher\":{\"@id\":\"https:\/\/tioautomocio.com\/es\/#organization\"},\"potentialAction\":[{\"@type\":\"SearchAction\",\"target\":{\"@type\":\"EntryPoint\",\"urlTemplate\":\"https:\/\/tioautomocio.com\/es\/?s={search_term_string}\"},\"query-input\":\"required name=search_term_string\"}],\"inLanguage\":\"es\"},{\"@type\":\"Organization\",\"@id\":\"https:\/\/tioautomocio.com\/es\/#organization\",\"name\":\"Ti\u00f3 Automoci\u00f3\",\"url\":\"https:\/\/tioautomocio.com\/es\/\",\"logo\":{\"@type\":\"ImageObject\",\"inLanguage\":\"es\",\"@id\":\"https:\/\/tioautomocio.com\/es\/#\/schema\/logo\/image\/\",\"url\":\"https:\/\/tioautomocio.com\/wp-content\/uploads\/2024\/01\/logotio.jpg\",\"contentUrl\":\"https:\/\/tioautomocio.com\/wp-content\/uploads\/2024\/01\/logotio.jpg\",\"width\":640,\"height\":142,\"caption\":\"Ti\u00f3 Automoci\u00f3\"},\"image\":{\"@id\":\"https:\/\/tioautomocio.com\/es\/#\/schema\/logo\/image\/\"},\"sameAs\":[\"https:\/\/www.instagram.com\/tioautomocio\/\",\"https:\/\/www.linkedin.com\/in\/ti-automoci-905819148\/?originalSubdomain=es\",\"https:\/\/www.youtube.com\/@tioautomocio4140\"]}]}<\/script>\n<!-- \/ Yoast SEO plugin. -->","yoast_head_json":{"title":"Taller Mec\u00e1nico y venta de neum\u00e1ticos en Vic","description":"Descubre nuestro taller mec\u00e1nico en Vic - Expertos en neum\u00e1ticos, revisiones y mantenimiento para tu veh\u00edculo. \u00a1Servicio profesional!","robots":{"index":"index","follow":"follow","max-snippet":"max-snippet:-1","max-image-preview":"max-image-preview:large","max-video-preview":"max-video-preview:-1"},"canonical":"https:\/\/tioautomocio.com\/es\/neumaticos\/","og_locale":"es_ES","og_type":"article","og_title":"Taller Mec\u00e1nico y venta de neum\u00e1ticos en Vic","og_description":"Descubre nuestro taller mec\u00e1nico en Vic - Expertos en neum\u00e1ticos, revisiones y mantenimiento para tu veh\u00edculo. \u00a1Servicio profesional!","og_url":"https:\/\/tioautomocio.com\/es\/neumaticos\/","og_site_name":"Ti\u00f3 Automoci\u00f3","article_modified_time":"2024-12-10T21:27:29+00:00","og_image":[{"url":"https:\/\/tioautomocio.com\/wp-content\/uploads\/2023\/11\/ZONA-EINES-1.jpg"}],"twitter_card":"summary_large_image","twitter_misc":{"Tiempo de lectura":"2 minutos"},"schema":{"@context":"https:\/\/schema.org","@graph":[{"@type":"WebPage","@id":"https:\/\/tioautomocio.com\/es\/neumaticos\/","url":"https:\/\/tioautomocio.com\/es\/neumaticos\/","name":"Taller Mec\u00e1nico y venta de neum\u00e1ticos en Vic","isPartOf":{"@id":"https:\/\/tioautomocio.com\/es\/#website"},"datePublished":"2023-11-23T11:21:54+00:00","dateModified":"2024-12-10T21:27:29+00:00","description":"Descubre nuestro taller mec\u00e1nico en Vic - Expertos en neum\u00e1ticos, revisiones y mantenimiento para tu veh\u00edculo. \u00a1Servicio profesional!","breadcrumb":{"@id":"https:\/\/tioautomocio.com\/es\/neumaticos\/#breadcrumb"},"inLanguage":"es","potentialAction":[{"@type":"ReadAction","target":["https:\/\/tioautomocio.com\/es\/neumaticos\/"]}]},{"@type":"BreadcrumbList","@id":"https:\/\/tioautomocio.com\/es\/neumaticos\/#breadcrumb","itemListElement":[{"@type":"ListItem","position":1,"name":"Inici","item":"https:\/\/tioautomocio.com\/es\/"},{"@type":"ListItem","position":2,"name":"Neum\u00e1ticos"}]},{"@type":"WebSite","@id":"https:\/\/tioautomocio.com\/es\/#website","url":"https:\/\/tioautomocio.com\/es\/","name":"Ti\u00f3 Automoci\u00f3","description":"","publisher":{"@id":"https:\/\/tioautomocio.com\/es\/#organization"},"potentialAction":[{"@type":"SearchAction","target":{"@type":"EntryPoint","urlTemplate":"https:\/\/tioautomocio.com\/es\/?s={search_term_string}"},"query-input":"required name=search_term_string"}],"inLanguage":"es"},{"@type":"Organization","@id":"https:\/\/tioautomocio.com\/es\/#organization","name":"Ti\u00f3 Automoci\u00f3","url":"https:\/\/tioautomocio.com\/es\/","logo":{"@type":"ImageObject","inLanguage":"es","@id":"https:\/\/tioautomocio.com\/es\/#\/schema\/logo\/image\/","url":"https:\/\/tioautomocio.com\/wp-content\/uploads\/2024\/01\/logotio.jpg","contentUrl":"https:\/\/tioautomocio.com\/wp-content\/uploads\/2024\/01\/logotio.jpg","width":640,"height":142,"caption":"Ti\u00f3 Automoci\u00f3"},"image":{"@id":"https:\/\/tioautomocio.com\/es\/#\/schema\/logo\/image\/"},"sameAs":["https:\/\/www.instagram.com\/tioautomocio\/","https:\/\/www.linkedin.com\/in\/ti-automoci-905819148\/?originalSubdomain=es","https:\/\/www.youtube.com\/@tioautomocio4140"]}]}},"_links":{"self":[{"href":"https:\/\/tioautomocio.com\/es\/wp-json\/wp\/v2\/pages\/16670","targetHints":{"allow":["GET"]}}],"collection":[{"href":"https:\/\/tioautomocio.com\/es\/wp-json\/wp\/v2\/pages"}],"about":[{"href":"https:\/\/tioautomocio.com\/es\/wp-json\/wp\/v2\/types\/page"}],"author":[{"embeddable":true,"href":"https:\/\/tioautomocio.com\/es\/wp-json\/wp\/v2\/users\/1"}],"replies":[{"embeddable":true,"href":"https:\/\/tioautomocio.com\/es\/wp-json\/wp\/v2\/comments?post=16670"}],"version-history":[{"count":13,"href":"https:\/\/tioautomocio.com\/es\/wp-json\/wp\/v2\/pages\/16670\/revisions"}],"predecessor-version":[{"id":16871,"href":"https:\/\/tioautomocio.com\/es\/wp-json\/wp\/v2\/pages\/16670\/revisions\/16871"}],"wp:attachment":[{"href":"https:\/\/tioautomocio.com\/es\/wp-json\/wp\/v2\/media?parent=16670"}],"curies":[{"name":"wp","href":"https:\/\/api.w.org\/{rel}","templated":true}]}}