{"id":16688,"date":"2023-11-23T12:27:36","date_gmt":"2023-11-23T11:27:36","guid":{"rendered":"https:\/\/tioautomocio.com\/descarbonitzacio\/"},"modified":"2024-07-19T12:42:10","modified_gmt":"2024-07-19T10:42:10","slug":"descarbonizacion","status":"publish","type":"page","link":"https:\/\/tioautomocio.com\/es\/descarbonizacion\/","title":{"rendered":"Descarbonizaci\u00f3n"},"content":{"rendered":"\t\t<div data-elementor-type=\"wp-page\" data-elementor-id=\"16688\" class=\"elementor elementor-16688 elementor-15973\">\n\t\t\t\t\t\t<section class=\"elementor-section elementor-top-section elementor-element elementor-element-4681f1d elementor-section-boxed elementor-section-height-default elementor-section-height-default\" data-id=\"4681f1d\" data-element_type=\"section\">\n\t\t\t\t\t\t<div class=\"elementor-container elementor-column-gap-default\">\n\t\t\t\t\t<div class=\"elementor-column elementor-col-50 elementor-top-column elementor-element elementor-element-ff16881\" data-id=\"ff16881\" data-element_type=\"column\">\n\t\t\t<div class=\"elementor-widget-wrap elementor-element-populated\">\n\t\t\t\t\t\t<div class=\"elementor-element elementor-element-c2a7369 elementor-widget elementor-widget-witr_section_s_image\" data-id=\"c2a7369\" data-element_type=\"widget\" data-widget_type=\"witr_section_s_image.default\">\n\t\t\t\t<div class=\"elementor-widget-container\">\n\t\t\t\t\n\t\t<div class=\"single_image_area\">\n\t\t\t<div class=\"single_image single_line_option  \">\n\t\t\t\t<!-- image -->\n\t\t\t\t\t\t\t\t\t<img decoding=\"async\" src=\"https:\/\/tioautomocio.com\/wp-content\/uploads\/2024\/01\/SERVEIS_Descarbonitzacio\u0301-e1704969089670.jpg\" alt=\"\" \/>\n\t\t\t\t\t\t\n\t\t\t\t\t\t\t\t\t\t\t<\/div>\n\t\t<\/div>\n\t\t\t\n\t\t\t\n\t\t\n\t\t\t\n\t\t\t\t<\/div>\n\t\t\t\t<\/div>\n\t\t\t\t\t<\/div>\n\t\t<\/div>\n\t\t\t\t<div class=\"elementor-column elementor-col-50 elementor-top-column elementor-element elementor-element-2ba9d80\" data-id=\"2ba9d80\" data-element_type=\"column\">\n\t\t\t<div class=\"elementor-widget-wrap elementor-element-populated\">\n\t\t\t\t\t\t<div class=\"elementor-element elementor-element-6ade22e elementor-widget elementor-widget-heading\" data-id=\"6ade22e\" data-element_type=\"widget\" data-widget_type=\"heading.default\">\n\t\t\t\t<div class=\"elementor-widget-container\">\n\t\t\t<style>\/*! elementor - v3.19.0 - 07-02-2024 *\/\n.elementor-heading-title{padding:0;margin:0;line-height:1}.elementor-widget-heading .elementor-heading-title[class*=elementor-size-]>a{color:inherit;font-size:inherit;line-height:inherit}.elementor-widget-heading .elementor-heading-title.elementor-size-small{font-size:15px}.elementor-widget-heading .elementor-heading-title.elementor-size-medium{font-size:19px}.elementor-widget-heading .elementor-heading-title.elementor-size-large{font-size:29px}.elementor-widget-heading .elementor-heading-title.elementor-size-xl{font-size:39px}.elementor-widget-heading .elementor-heading-title.elementor-size-xxl{font-size:59px}<\/style><h1 class=\"elementor-heading-title elementor-size-default\">Descarbonizaci\u00f3n<\/h1>\t\t<\/div>\n\t\t\t\t<\/div>\n\t\t\t\t<div class=\"elementor-element elementor-element-11c2d70 poket-star-rating--align-center elementor-widget elementor-widget-witr_section_title\" data-id=\"11c2d70\" data-element_type=\"widget\" data-widget_type=\"witr_section_title.default\">\n\t\t\t\t<div class=\"elementor-widget-container\">\n\t\t\t\t\t\t\t\t<!-- title left -->\n\t\t\t\t\t<div class=\"witr_section_title\">\n\t\t\t\t\t\t<div class=\"witr_section_title_inner text-left\">\n\t\t\t\t\t\t\n\t\t\t\t\t\t\t<!-- icon position -->\n\t\t\t\t\t\t\t\t\t\t\t\t\t\t\n\t\t\t\t\t\t\t<!-- image -->\n\t\t\t\t\t\t\t\t\t\t\t\t\t\t<!-- icon -->\n\t\t\t\t\t\t\t\t\t\t\t\t\t\t\n\t\t\t\t\t\t\t<!-- bar -->\n\t\t\t\t\t\t\t\t\t\t\t\t\t\t<!-- circle bar -->\n\t\t\t\t\t\t\t\t\t\t\t\t\t\t\n\t\t\t\t\t\t\t\t\n\t\t\t\t\t\t\t<!-- end icon position -->\n\t\t\t\t\t\t\n\t\t\t\t\t\t\n\t\t\t\t\t\t\t<!-- title top -->\n\t\t\t\t\t\t\t\n\t\t\t\t\t\t\t<!-- icon position -->\n\t\t\t\t\t\t\t\t\n\t\t\t\t\t\t\t<!-- end icon position -->\n\n\t\t\t\t\t\t\t\n\t\t\t\t\t\t\t<!-- title middle -->\n\t\t\t\t\t\t\t\t\t\t\t\t\t\t<!-- title bottom -->\n\t\t\t\t\t\t\t\t\t\t\t\t\t\t\n\t\t\t\t\t\t\t<!-- icon position -->\n\t\t\t\t\t\t\t\t\n\t\t\t\t\t\t\t<!-- end icon position -->\n\n\t\t\t\t\t\t\t<!-- content -->\n\t\t\t\t\t\t\t\t\t\t\t\t\t\t\t<p>Durante el quemado de combustible no todo se quema (no se quema tanto la gasolina como el diesel), dejando residuos lo que genera holl\u00edn. Este holl\u00edn es como el colesterol en los humanos: obstruye las \u201cvenas\u201d y el coraz\u00f3n del coche no rinde como deber\u00eda, y justo en ese momento tocar\u00eda descarbonizar el motor.\n<br><br>\nEl holl\u00edn se genera porque el azufre y los metales generan un rechazo muy resistente que se adhiere con facilidad a todo tipo de superficies, obstruyendo todo a su paso, especialmente los conductos y la c\u00e1mara de combusti\u00f3n. Habr\u00e1 m\u00e1s o menos dependiendo del tipo de combustible, sus aditivos y, por supuesto, la calidad del refinamiento y si tiene mucho azufre.\n  <br><br>\nPor m\u00e1s quebraderos de cabeza para el conductor, estos residuos son capaces de aguantar temperaturas de m\u00e1s de 900 grados cent\u00edgrados, provocando la p\u00e9rdida de potencia, aver\u00edas en la aceleraci\u00f3n, autoencendidos, aumento del consumo\u2026\n  <br><br>\nY para evitar la acumulaci\u00f3n de este holl\u00edn tan resistente y adherido es necesario hacer uso de maquinaria especializada para poder limpiarla adecuadamente. <\/p>\t\t\n\t\t\t\t\t\t\t\t\t\t\t\t\t<\/div>\n\t\t\t\t\t\t\t<!-- inner title -->\n\t\t\t\t\t\t\t\t\t\t\t\t\t\n\t\t\t\t\t<\/div>\t\t\t\t\n\t\t\t\t\t\t<\/div>\n\t\t\t\t<\/div>\n\t\t\t\t\t<\/div>\n\t\t<\/div>\n\t\t\t\t\t<\/div>\n\t\t<\/section>\n\t\t\t\t<\/div>\n\t\t","protected":false},"excerpt":{"rendered":"<p>Descarbonizaci\u00f3n Durante el quemado de combustible no todo se quema (no se quema tanto la gasolina como el diesel), dejando residuos lo que genera holl\u00edn. Este holl\u00edn es como el colesterol en los humanos: obstruye las \u201cvenas\u201d y el coraz\u00f3n del coche no rinde como deber\u00eda, y justo en ese momento tocar\u00eda descarbonizar el motor. [&hellip;]<\/p>\n","protected":false},"author":1,"featured_media":0,"parent":0,"menu_order":0,"comment_status":"closed","ping_status":"closed","template":"template-home.php","meta":{"footnotes":""},"class_list":["post-16688","page","type-page","status-publish","hentry"],"yoast_head":"<!-- This site is optimized with the Yoast SEO plugin v22.0 - https:\/\/yoast.com\/wordpress\/plugins\/seo\/ -->\n<title>Taller mec\u00e1nico en Vic \u2013 Descarbonizaci\u00f3n del motor<\/title>\n<meta name=\"description\" content=\"Especialistas en descarbonizar tu motor. Mejora rendimiento y longevidad del coche. Servicio r\u00e1pido y eficaz.\" \/>\n<meta name=\"robots\" content=\"index, follow, max-snippet:-1, max-image-preview:large, max-video-preview:-1\" \/>\n<link rel=\"canonical\" href=\"https:\/\/tioautomocio.com\/es\/descarbonizacion\/\" \/>\n<meta property=\"og:locale\" content=\"es_ES\" \/>\n<meta property=\"og:type\" content=\"article\" \/>\n<meta property=\"og:title\" content=\"Taller mec\u00e1nico en Vic \u2013 Descarbonizaci\u00f3n del motor\" \/>\n<meta property=\"og:description\" content=\"Especialistas en descarbonizar tu motor. Mejora rendimiento y longevidad del coche. Servicio r\u00e1pido y eficaz.\" \/>\n<meta property=\"og:url\" content=\"https:\/\/tioautomocio.com\/es\/descarbonizacion\/\" \/>\n<meta property=\"og:site_name\" content=\"Ti\u00f3 Automoci\u00f3\" \/>\n<meta property=\"article:modified_time\" content=\"2024-07-19T10:42:10+00:00\" \/>\n<meta name=\"twitter:card\" content=\"summary_large_image\" \/>\n<meta name=\"twitter:label1\" content=\"Tiempo de lectura\" \/>\n\t<meta name=\"twitter:data1\" content=\"2 minutos\" \/>\n<script type=\"application\/ld+json\" class=\"yoast-schema-graph\">{\"@context\":\"https:\/\/schema.org\",\"@graph\":[{\"@type\":\"WebPage\",\"@id\":\"https:\/\/tioautomocio.com\/es\/descarbonizacion\/\",\"url\":\"https:\/\/tioautomocio.com\/es\/descarbonizacion\/\",\"name\":\"Taller mec\u00e1nico en Vic \u2013 Descarbonizaci\u00f3n del motor\",\"isPartOf\":{\"@id\":\"https:\/\/tioautomocio.com\/es\/#website\"},\"datePublished\":\"2023-11-23T11:27:36+00:00\",\"dateModified\":\"2024-07-19T10:42:10+00:00\",\"description\":\"Especialistas en descarbonizar tu motor. Mejora rendimiento y longevidad del coche. Servicio r\u00e1pido y eficaz.\",\"breadcrumb\":{\"@id\":\"https:\/\/tioautomocio.com\/es\/descarbonizacion\/#breadcrumb\"},\"inLanguage\":\"es\",\"potentialAction\":[{\"@type\":\"ReadAction\",\"target\":[\"https:\/\/tioautomocio.com\/es\/descarbonizacion\/\"]}]},{\"@type\":\"BreadcrumbList\",\"@id\":\"https:\/\/tioautomocio.com\/es\/descarbonizacion\/#breadcrumb\",\"itemListElement\":[{\"@type\":\"ListItem\",\"position\":1,\"name\":\"Inici\",\"item\":\"https:\/\/tioautomocio.com\/es\/\"},{\"@type\":\"ListItem\",\"position\":2,\"name\":\"Descarbonizaci\u00f3n\"}]},{\"@type\":\"WebSite\",\"@id\":\"https:\/\/tioautomocio.com\/es\/#website\",\"url\":\"https:\/\/tioautomocio.com\/es\/\",\"name\":\"Ti\u00f3 Automoci\u00f3\",\"description\":\"\",\"publisher\":{\"@id\":\"https:\/\/tioautomocio.com\/es\/#organization\"},\"potentialAction\":[{\"@type\":\"SearchAction\",\"target\":{\"@type\":\"EntryPoint\",\"urlTemplate\":\"https:\/\/tioautomocio.com\/es\/?s={search_term_string}\"},\"query-input\":\"required name=search_term_string\"}],\"inLanguage\":\"es\"},{\"@type\":\"Organization\",\"@id\":\"https:\/\/tioautomocio.com\/es\/#organization\",\"name\":\"Ti\u00f3 Automoci\u00f3\",\"url\":\"https:\/\/tioautomocio.com\/es\/\",\"logo\":{\"@type\":\"ImageObject\",\"inLanguage\":\"es\",\"@id\":\"https:\/\/tioautomocio.com\/es\/#\/schema\/logo\/image\/\",\"url\":\"https:\/\/tioautomocio.com\/wp-content\/uploads\/2024\/01\/logotio.jpg\",\"contentUrl\":\"https:\/\/tioautomocio.com\/wp-content\/uploads\/2024\/01\/logotio.jpg\",\"width\":640,\"height\":142,\"caption\":\"Ti\u00f3 Automoci\u00f3\"},\"image\":{\"@id\":\"https:\/\/tioautomocio.com\/es\/#\/schema\/logo\/image\/\"},\"sameAs\":[\"https:\/\/www.instagram.com\/tioautomocio\/\",\"https:\/\/www.linkedin.com\/in\/ti-automoci-905819148\/?originalSubdomain=es\",\"https:\/\/www.youtube.com\/@tioautomocio4140\"]}]}<\/script>\n<!-- \/ Yoast SEO plugin. -->","yoast_head_json":{"title":"Taller mec\u00e1nico en Vic \u2013 Descarbonizaci\u00f3n del motor","description":"Especialistas en descarbonizar tu motor. Mejora rendimiento y longevidad del coche. Servicio r\u00e1pido y eficaz.","robots":{"index":"index","follow":"follow","max-snippet":"max-snippet:-1","max-image-preview":"max-image-preview:large","max-video-preview":"max-video-preview:-1"},"canonical":"https:\/\/tioautomocio.com\/es\/descarbonizacion\/","og_locale":"es_ES","og_type":"article","og_title":"Taller mec\u00e1nico en Vic \u2013 Descarbonizaci\u00f3n del motor","og_description":"Especialistas en descarbonizar tu motor. Mejora rendimiento y longevidad del coche. Servicio r\u00e1pido y eficaz.","og_url":"https:\/\/tioautomocio.com\/es\/descarbonizacion\/","og_site_name":"Ti\u00f3 Automoci\u00f3","article_modified_time":"2024-07-19T10:42:10+00:00","twitter_card":"summary_large_image","twitter_misc":{"Tiempo de lectura":"2 minutos"},"schema":{"@context":"https:\/\/schema.org","@graph":[{"@type":"WebPage","@id":"https:\/\/tioautomocio.com\/es\/descarbonizacion\/","url":"https:\/\/tioautomocio.com\/es\/descarbonizacion\/","name":"Taller mec\u00e1nico en Vic \u2013 Descarbonizaci\u00f3n del motor","isPartOf":{"@id":"https:\/\/tioautomocio.com\/es\/#website"},"datePublished":"2023-11-23T11:27:36+00:00","dateModified":"2024-07-19T10:42:10+00:00","description":"Especialistas en descarbonizar tu motor. Mejora rendimiento y longevidad del coche. Servicio r\u00e1pido y eficaz.","breadcrumb":{"@id":"https:\/\/tioautomocio.com\/es\/descarbonizacion\/#breadcrumb"},"inLanguage":"es","potentialAction":[{"@type":"ReadAction","target":["https:\/\/tioautomocio.com\/es\/descarbonizacion\/"]}]},{"@type":"BreadcrumbList","@id":"https:\/\/tioautomocio.com\/es\/descarbonizacion\/#breadcrumb","itemListElement":[{"@type":"ListItem","position":1,"name":"Inici","item":"https:\/\/tioautomocio.com\/es\/"},{"@type":"ListItem","position":2,"name":"Descarbonizaci\u00f3n"}]},{"@type":"WebSite","@id":"https:\/\/tioautomocio.com\/es\/#website","url":"https:\/\/tioautomocio.com\/es\/","name":"Ti\u00f3 Automoci\u00f3","description":"","publisher":{"@id":"https:\/\/tioautomocio.com\/es\/#organization"},"potentialAction":[{"@type":"SearchAction","target":{"@type":"EntryPoint","urlTemplate":"https:\/\/tioautomocio.com\/es\/?s={search_term_string}"},"query-input":"required name=search_term_string"}],"inLanguage":"es"},{"@type":"Organization","@id":"https:\/\/tioautomocio.com\/es\/#organization","name":"Ti\u00f3 Automoci\u00f3","url":"https:\/\/tioautomocio.com\/es\/","logo":{"@type":"ImageObject","inLanguage":"es","@id":"https:\/\/tioautomocio.com\/es\/#\/schema\/logo\/image\/","url":"https:\/\/tioautomocio.com\/wp-content\/uploads\/2024\/01\/logotio.jpg","contentUrl":"https:\/\/tioautomocio.com\/wp-content\/uploads\/2024\/01\/logotio.jpg","width":640,"height":142,"caption":"Ti\u00f3 Automoci\u00f3"},"image":{"@id":"https:\/\/tioautomocio.com\/es\/#\/schema\/logo\/image\/"},"sameAs":["https:\/\/www.instagram.com\/tioautomocio\/","https:\/\/www.linkedin.com\/in\/ti-automoci-905819148\/?originalSubdomain=es","https:\/\/www.youtube.com\/@tioautomocio4140"]}]}},"_links":{"self":[{"href":"https:\/\/tioautomocio.com\/es\/wp-json\/wp\/v2\/pages\/16688","targetHints":{"allow":["GET"]}}],"collection":[{"href":"https:\/\/tioautomocio.com\/es\/wp-json\/wp\/v2\/pages"}],"about":[{"href":"https:\/\/tioautomocio.com\/es\/wp-json\/wp\/v2\/types\/page"}],"author":[{"embeddable":true,"href":"https:\/\/tioautomocio.com\/es\/wp-json\/wp\/v2\/users\/1"}],"replies":[{"embeddable":true,"href":"https:\/\/tioautomocio.com\/es\/wp-json\/wp\/v2\/comments?post=16688"}],"version-history":[{"count":7,"href":"https:\/\/tioautomocio.com\/es\/wp-json\/wp\/v2\/pages\/16688\/revisions"}],"predecessor-version":[{"id":16838,"href":"https:\/\/tioautomocio.com\/es\/wp-json\/wp\/v2\/pages\/16688\/revisions\/16838"}],"wp:attachment":[{"href":"https:\/\/tioautomocio.com\/es\/wp-json\/wp\/v2\/media?parent=16688"}],"curies":[{"name":"wp","href":"https:\/\/api.w.org\/{rel}","templated":true}]}}