{"id":16979,"date":"2024-02-16T10:02:29","date_gmt":"2024-02-16T09:02:29","guid":{"rendered":"https:\/\/tioautomocio.com\/?page_id=16979"},"modified":"2024-07-19T12:41:06","modified_gmt":"2024-07-19T10:41:06","slug":"solicita-presupuesto","status":"publish","type":"page","link":"https:\/\/tioautomocio.com\/es\/solicita-presupuesto\/","title":{"rendered":"Solicita presupuesto"},"content":{"rendered":"\t\t<div data-elementor-type=\"wp-page\" data-elementor-id=\"16979\" class=\"elementor elementor-16979\">\n\t\t\t\t<div class=\"elementor-element elementor-element-4b6fcaf e-flex e-con-boxed e-con e-parent\" data-id=\"4b6fcaf\" data-element_type=\"container\" data-settings=\"{&quot;content_width&quot;:&quot;boxed&quot;}\" data-core-v316-plus=\"true\">\n\t\t\t\t\t<div class=\"e-con-inner\">\n\t\t\t\t<div class=\"elementor-element elementor-element-fd93be7 elementor-widget elementor-widget-heading\" data-id=\"fd93be7\" data-element_type=\"widget\" data-widget_type=\"heading.default\">\n\t\t\t\t<div class=\"elementor-widget-container\">\n\t\t\t<style>\/*! elementor - v3.19.0 - 07-02-2024 *\/\n.elementor-heading-title{padding:0;margin:0;line-height:1}.elementor-widget-heading .elementor-heading-title[class*=elementor-size-]>a{color:inherit;font-size:inherit;line-height:inherit}.elementor-widget-heading .elementor-heading-title.elementor-size-small{font-size:15px}.elementor-widget-heading .elementor-heading-title.elementor-size-medium{font-size:19px}.elementor-widget-heading .elementor-heading-title.elementor-size-large{font-size:29px}.elementor-widget-heading .elementor-heading-title.elementor-size-xl{font-size:39px}.elementor-widget-heading .elementor-heading-title.elementor-size-xxl{font-size:59px}<\/style><h1 class=\"elementor-heading-title elementor-size-default\">Solicita presupuesto<\/h1>\t\t<\/div>\n\t\t\t\t<\/div>\n\t\t\t\t<div class=\"elementor-element elementor-element-e311742 elementor-widget elementor-widget-html\" data-id=\"e311742\" data-element_type=\"widget\" data-widget_type=\"html.default\">\n\t\t\t\t<div class=\"elementor-widget-container\">\n\t\t\t\r\n<p style=\"text-align: center;\"><br \/>Queremos ser un taller el m\u00e1ximo que est\u00e1 lo m\u00e1s cerca de ti posible. No dudes en escribirnos para pedir<br>un presupuesto para cualquier servicio o art\u00edculo que necesites para tu veh\u00edculo<\/p>\r\n\t\t<\/div>\n\t\t\t\t<\/div>\n\t\t\t\t<div class=\"elementor-element elementor-element-2fad93f elementor-widget elementor-widget-shortcode\" data-id=\"2fad93f\" data-element_type=\"widget\" data-widget_type=\"shortcode.default\">\n\t\t\t\t<div class=\"elementor-widget-container\">\n\t\t\t\t\t<div class=\"elementor-shortcode\"><div style=\"margin: auto; width: 100%;\">\n<p>&nbsp;<\/p>\n<div class=\"wpcf7 no-js\" id=\"wpcf7-f16937-o1\" lang=\"es-ES\" dir=\"ltr\" data-wpcf7-id=\"16937\">\n<div class=\"screen-reader-response\"><p role=\"status\" aria-live=\"polite\" aria-atomic=\"true\"><\/p> <ul><\/ul><\/div>\n<form action=\"\/es\/wp-json\/wp\/v2\/pages\/16979#wpcf7-f16937-o1\" method=\"post\" class=\"wpcf7-form init\" aria-label=\"Formulario de contacto\" novalidate=\"novalidate\" data-status=\"init\">\n<fieldset class=\"hidden-fields-container\"><input type=\"hidden\" name=\"_wpcf7\" value=\"16937\" \/><input type=\"hidden\" name=\"_wpcf7_version\" value=\"6.1.5\" \/><input type=\"hidden\" name=\"_wpcf7_locale\" value=\"es_ES\" \/><input type=\"hidden\" name=\"_wpcf7_unit_tag\" value=\"wpcf7-f16937-o1\" \/><input type=\"hidden\" name=\"_wpcf7_container_post\" value=\"0\" \/><input type=\"hidden\" name=\"_wpcf7_posted_data_hash\" value=\"\" \/><input type=\"hidden\" name=\"_wpcf7_recaptcha_response\" value=\"\" \/>\n<\/fieldset>\n<div class=\"col-lg-12 col-md-12\">\n\t<p><span class=\"wpcf7-form-control-wrap\" data-name=\"text-591\"><input size=\"40\" maxlength=\"400\" class=\"wpcf7-form-control wpcf7-text wpcf7-validates-as-required\" aria-required=\"true\" aria-invalid=\"false\" placeholder=\"Nombre*\" value=\"\" type=\"text\" name=\"text-591\" \/><\/span>\n\t<\/p>\n<\/div>\n<div class=\"col-lg-12 col-md-12\">\n\t<p><span class=\"wpcf7-form-control-wrap\" data-name=\"email-684\"><input size=\"40\" maxlength=\"400\" class=\"wpcf7-form-control wpcf7-email wpcf7-validates-as-required wpcf7-text wpcf7-validates-as-email\" aria-required=\"true\" aria-invalid=\"false\" placeholder=\"Email*\" value=\"\" type=\"email\" name=\"email-684\" \/><\/span>\n\t<\/p>\n<\/div>\n<div class=\"col-lg-12 col-md-12\">\n\t<p><span class=\"wpcf7-form-control-wrap\" data-name=\"tel-474\"><input size=\"40\" maxlength=\"400\" class=\"wpcf7-form-control wpcf7-tel wpcf7-validates-as-required wpcf7-text wpcf7-validates-as-tel\" aria-required=\"true\" aria-invalid=\"false\" placeholder=\"Tel\u00e9fono*\" value=\"\" type=\"tel\" name=\"tel-474\" \/><\/span>\n\t<\/p>\n<\/div>\n<div class=\"col-lg-12 col-md-12\">\n\t<p><span class=\"wpcf7-form-control-wrap\" data-name=\"menu-324\"><select class=\"wpcf7-form-control wpcf7-select\" aria-invalid=\"false\" name=\"menu-324\"><option value=\"Selecciona una opci\u00f3n\">Selecciona una opci\u00f3n<\/option><option value=\"Mec\u00e1nica de Mantenimiento\">Mec\u00e1nica de Mantenimiento<\/option><option value=\"Mec\u00e1nica General\">Mec\u00e1nica General<\/option><option value=\"Diagnosis\">Diagnosis<\/option><option value=\"Neum\u00e1ticos\">Neum\u00e1ticos<\/option><option value=\"Pre ITV\">Pre ITV<\/option><option value=\"Plancha y pintura \/ peritajes\">Plancha y pintura \/ peritajes<\/option><option value=\"Descarbonizaci\u00f3n\">Descarbonizaci\u00f3n<\/option><option value=\"Servicio oficial Polaris\">Servicio oficial Polaris<\/option><\/select><\/span>\n\t<\/p>\n<\/div>\n<div class=\"col-lg-12 col-md-12\">\n\t<p><span class=\"wpcf7-form-control-wrap\" data-name=\"textarea-625\"><textarea cols=\"40\" rows=\"10\" maxlength=\"2000\" class=\"wpcf7-form-control wpcf7-textarea wpcf7-validates-as-required\" aria-required=\"true\" aria-invalid=\"false\" placeholder=\"Observaciones*\" name=\"textarea-625\"><\/textarea><\/span>\n\t<\/p>\n<\/div>\n<div class=\"col-lg-12 col-md-12\">\n\t<p><span class=\"wpcf7-form-control-wrap\" data-name=\"acceptance-67\"><span class=\"wpcf7-form-control wpcf7-acceptance\"><span class=\"wpcf7-list-item\"><label><input type=\"checkbox\" name=\"acceptance-67\" value=\"1\" class=\"acceptance\" id=\"acceptance-checkbox\" aria-invalid=\"false\" \/><span class=\"wpcf7-list-item-label\">He le\u00eddo y acepto la <a href=\"https:\/\/tioautomocio.com\/es\/politica-de-privacidad\/\">pol\u00edtica de privacidad*.<\/a><\/span><\/label><\/span><\/span><\/span>\n\t<\/p>\n<\/div>\n<div class=\"col-lg-3 col-md-3 mx-auto\">\n\t<p><input class=\"wpcf7-form-control wpcf7-submit has-spinner\" type=\"submit\" value=\"Enviar\" \/>\n\t<\/p>\n<\/div><div class=\"wpcf7-response-output\" aria-hidden=\"true\"><\/div>\n<\/form>\n<\/div>\n<\/div><\/div>\n\t\t\t\t<\/div>\n\t\t\t\t<\/div>\n\t\t\t\t<div class=\"elementor-element elementor-element-8fbb4fb elementor-widget elementor-widget-spacer\" data-id=\"8fbb4fb\" data-element_type=\"widget\" data-widget_type=\"spacer.default\">\n\t\t\t\t<div class=\"elementor-widget-container\">\n\t\t\t<style>\/*! elementor - v3.19.0 - 07-02-2024 *\/\n.elementor-column .elementor-spacer-inner{height:var(--spacer-size)}.e-con{--container-widget-width:100%}.e-con-inner>.elementor-widget-spacer,.e-con>.elementor-widget-spacer{width:var(--container-widget-width,var(--spacer-size));--align-self:var(--container-widget-align-self,initial);--flex-shrink:0}.e-con-inner>.elementor-widget-spacer>.elementor-widget-container,.e-con>.elementor-widget-spacer>.elementor-widget-container{height:100%;width:100%}.e-con-inner>.elementor-widget-spacer>.elementor-widget-container>.elementor-spacer,.e-con>.elementor-widget-spacer>.elementor-widget-container>.elementor-spacer{height:100%}.e-con-inner>.elementor-widget-spacer>.elementor-widget-container>.elementor-spacer>.elementor-spacer-inner,.e-con>.elementor-widget-spacer>.elementor-widget-container>.elementor-spacer>.elementor-spacer-inner{height:var(--container-widget-height,var(--spacer-size))}.e-con-inner>.elementor-widget-spacer.elementor-widget-empty,.e-con>.elementor-widget-spacer.elementor-widget-empty{position:relative;min-height:22px;min-width:22px}.e-con-inner>.elementor-widget-spacer.elementor-widget-empty .elementor-widget-empty-icon,.e-con>.elementor-widget-spacer.elementor-widget-empty .elementor-widget-empty-icon{position:absolute;top:0;bottom:0;left:0;right:0;margin:auto;padding:0;width:22px;height:22px}<\/style>\t\t<div class=\"elementor-spacer\">\n\t\t\t<div class=\"elementor-spacer-inner\"><\/div>\n\t\t<\/div>\n\t\t\t\t<\/div>\n\t\t\t\t<\/div>\n\t\t\t\t\t<\/div>\n\t\t\t\t<\/div>\n\t\t\t\t<\/div>\n\t\t","protected":false},"excerpt":{"rendered":"<p>Solicita presupuesto Queremos ser un taller el m\u00e1ximo que est\u00e1 lo m\u00e1s cerca de ti posible. No dudes en escribirnos para pedirun presupuesto para cualquier servicio o art\u00edculo que necesites para tu veh\u00edculo &nbsp;<\/p>\n","protected":false},"author":1,"featured_media":0,"parent":0,"menu_order":0,"comment_status":"closed","ping_status":"closed","template":"template-home.php","meta":{"footnotes":""},"class_list":["post-16979","page","type-page","status-publish","hentry"],"yoast_head":"<!-- This site is optimized with the Yoast SEO plugin v22.0 - https:\/\/yoast.com\/wordpress\/plugins\/seo\/ -->\n<title>Solicita tu presupuesto taller mec\u00e1nico Vic<\/title>\n<meta name=\"description\" content=\"\u00bfBuscas calidad y buen precio en taller mec\u00e1nico en Vic? Solicita un presupuesto sin compromiso.\" \/>\n<meta name=\"robots\" content=\"index, follow, max-snippet:-1, max-image-preview:large, max-video-preview:-1\" \/>\n<link rel=\"canonical\" href=\"https:\/\/tioautomocio.com\/es\/solicita-presupuesto\/\" \/>\n<meta property=\"og:locale\" content=\"es_ES\" \/>\n<meta property=\"og:type\" content=\"article\" \/>\n<meta property=\"og:title\" content=\"Solicita tu presupuesto taller mec\u00e1nico Vic\" \/>\n<meta property=\"og:description\" content=\"\u00bfBuscas calidad y buen precio en taller mec\u00e1nico en Vic? Solicita un presupuesto sin compromiso.\" \/>\n<meta property=\"og:url\" content=\"https:\/\/tioautomocio.com\/es\/solicita-presupuesto\/\" \/>\n<meta property=\"og:site_name\" content=\"Ti\u00f3 Automoci\u00f3\" \/>\n<meta property=\"article:modified_time\" content=\"2024-07-19T10:41:06+00:00\" \/>\n<meta name=\"twitter:card\" content=\"summary_large_image\" \/>\n<meta name=\"twitter:label1\" content=\"Tiempo de lectura\" \/>\n\t<meta name=\"twitter:data1\" content=\"1 minuto\" \/>\n<script type=\"application\/ld+json\" class=\"yoast-schema-graph\">{\"@context\":\"https:\/\/schema.org\",\"@graph\":[{\"@type\":\"WebPage\",\"@id\":\"https:\/\/tioautomocio.com\/es\/solicita-presupuesto\/\",\"url\":\"https:\/\/tioautomocio.com\/es\/solicita-presupuesto\/\",\"name\":\"Solicita tu presupuesto taller mec\u00e1nico Vic\",\"isPartOf\":{\"@id\":\"https:\/\/tioautomocio.com\/es\/#website\"},\"datePublished\":\"2024-02-16T09:02:29+00:00\",\"dateModified\":\"2024-07-19T10:41:06+00:00\",\"description\":\"\u00bfBuscas calidad y buen precio en taller mec\u00e1nico en Vic? Solicita un presupuesto sin compromiso.\",\"breadcrumb\":{\"@id\":\"https:\/\/tioautomocio.com\/es\/solicita-presupuesto\/#breadcrumb\"},\"inLanguage\":\"es\",\"potentialAction\":[{\"@type\":\"ReadAction\",\"target\":[\"https:\/\/tioautomocio.com\/es\/solicita-presupuesto\/\"]}]},{\"@type\":\"BreadcrumbList\",\"@id\":\"https:\/\/tioautomocio.com\/es\/solicita-presupuesto\/#breadcrumb\",\"itemListElement\":[{\"@type\":\"ListItem\",\"position\":1,\"name\":\"Inici\",\"item\":\"https:\/\/tioautomocio.com\/es\/\"},{\"@type\":\"ListItem\",\"position\":2,\"name\":\"Solicita presupuesto\"}]},{\"@type\":\"WebSite\",\"@id\":\"https:\/\/tioautomocio.com\/es\/#website\",\"url\":\"https:\/\/tioautomocio.com\/es\/\",\"name\":\"Ti\u00f3 Automoci\u00f3\",\"description\":\"\",\"publisher\":{\"@id\":\"https:\/\/tioautomocio.com\/es\/#organization\"},\"potentialAction\":[{\"@type\":\"SearchAction\",\"target\":{\"@type\":\"EntryPoint\",\"urlTemplate\":\"https:\/\/tioautomocio.com\/es\/?s={search_term_string}\"},\"query-input\":\"required name=search_term_string\"}],\"inLanguage\":\"es\"},{\"@type\":\"Organization\",\"@id\":\"https:\/\/tioautomocio.com\/es\/#organization\",\"name\":\"Ti\u00f3 Automoci\u00f3\",\"url\":\"https:\/\/tioautomocio.com\/es\/\",\"logo\":{\"@type\":\"ImageObject\",\"inLanguage\":\"es\",\"@id\":\"https:\/\/tioautomocio.com\/es\/#\/schema\/logo\/image\/\",\"url\":\"https:\/\/tioautomocio.com\/wp-content\/uploads\/2024\/01\/logotio.jpg\",\"contentUrl\":\"https:\/\/tioautomocio.com\/wp-content\/uploads\/2024\/01\/logotio.jpg\",\"width\":640,\"height\":142,\"caption\":\"Ti\u00f3 Automoci\u00f3\"},\"image\":{\"@id\":\"https:\/\/tioautomocio.com\/es\/#\/schema\/logo\/image\/\"},\"sameAs\":[\"https:\/\/www.instagram.com\/tioautomocio\/\",\"https:\/\/www.linkedin.com\/in\/ti-automoci-905819148\/?originalSubdomain=es\",\"https:\/\/www.youtube.com\/@tioautomocio4140\"]}]}<\/script>\n<!-- \/ Yoast SEO plugin. -->","yoast_head_json":{"title":"Solicita tu presupuesto taller mec\u00e1nico Vic","description":"\u00bfBuscas calidad y buen precio en taller mec\u00e1nico en Vic? Solicita un presupuesto sin compromiso.","robots":{"index":"index","follow":"follow","max-snippet":"max-snippet:-1","max-image-preview":"max-image-preview:large","max-video-preview":"max-video-preview:-1"},"canonical":"https:\/\/tioautomocio.com\/es\/solicita-presupuesto\/","og_locale":"es_ES","og_type":"article","og_title":"Solicita tu presupuesto taller mec\u00e1nico Vic","og_description":"\u00bfBuscas calidad y buen precio en taller mec\u00e1nico en Vic? Solicita un presupuesto sin compromiso.","og_url":"https:\/\/tioautomocio.com\/es\/solicita-presupuesto\/","og_site_name":"Ti\u00f3 Automoci\u00f3","article_modified_time":"2024-07-19T10:41:06+00:00","twitter_card":"summary_large_image","twitter_misc":{"Tiempo de lectura":"1 minuto"},"schema":{"@context":"https:\/\/schema.org","@graph":[{"@type":"WebPage","@id":"https:\/\/tioautomocio.com\/es\/solicita-presupuesto\/","url":"https:\/\/tioautomocio.com\/es\/solicita-presupuesto\/","name":"Solicita tu presupuesto taller mec\u00e1nico Vic","isPartOf":{"@id":"https:\/\/tioautomocio.com\/es\/#website"},"datePublished":"2024-02-16T09:02:29+00:00","dateModified":"2024-07-19T10:41:06+00:00","description":"\u00bfBuscas calidad y buen precio en taller mec\u00e1nico en Vic? Solicita un presupuesto sin compromiso.","breadcrumb":{"@id":"https:\/\/tioautomocio.com\/es\/solicita-presupuesto\/#breadcrumb"},"inLanguage":"es","potentialAction":[{"@type":"ReadAction","target":["https:\/\/tioautomocio.com\/es\/solicita-presupuesto\/"]}]},{"@type":"BreadcrumbList","@id":"https:\/\/tioautomocio.com\/es\/solicita-presupuesto\/#breadcrumb","itemListElement":[{"@type":"ListItem","position":1,"name":"Inici","item":"https:\/\/tioautomocio.com\/es\/"},{"@type":"ListItem","position":2,"name":"Solicita presupuesto"}]},{"@type":"WebSite","@id":"https:\/\/tioautomocio.com\/es\/#website","url":"https:\/\/tioautomocio.com\/es\/","name":"Ti\u00f3 Automoci\u00f3","description":"","publisher":{"@id":"https:\/\/tioautomocio.com\/es\/#organization"},"potentialAction":[{"@type":"SearchAction","target":{"@type":"EntryPoint","urlTemplate":"https:\/\/tioautomocio.com\/es\/?s={search_term_string}"},"query-input":"required name=search_term_string"}],"inLanguage":"es"},{"@type":"Organization","@id":"https:\/\/tioautomocio.com\/es\/#organization","name":"Ti\u00f3 Automoci\u00f3","url":"https:\/\/tioautomocio.com\/es\/","logo":{"@type":"ImageObject","inLanguage":"es","@id":"https:\/\/tioautomocio.com\/es\/#\/schema\/logo\/image\/","url":"https:\/\/tioautomocio.com\/wp-content\/uploads\/2024\/01\/logotio.jpg","contentUrl":"https:\/\/tioautomocio.com\/wp-content\/uploads\/2024\/01\/logotio.jpg","width":640,"height":142,"caption":"Ti\u00f3 Automoci\u00f3"},"image":{"@id":"https:\/\/tioautomocio.com\/es\/#\/schema\/logo\/image\/"},"sameAs":["https:\/\/www.instagram.com\/tioautomocio\/","https:\/\/www.linkedin.com\/in\/ti-automoci-905819148\/?originalSubdomain=es","https:\/\/www.youtube.com\/@tioautomocio4140"]}]}},"_links":{"self":[{"href":"https:\/\/tioautomocio.com\/es\/wp-json\/wp\/v2\/pages\/16979","targetHints":{"allow":["GET"]}}],"collection":[{"href":"https:\/\/tioautomocio.com\/es\/wp-json\/wp\/v2\/pages"}],"about":[{"href":"https:\/\/tioautomocio.com\/es\/wp-json\/wp\/v2\/types\/page"}],"author":[{"embeddable":true,"href":"https:\/\/tioautomocio.com\/es\/wp-json\/wp\/v2\/users\/1"}],"replies":[{"embeddable":true,"href":"https:\/\/tioautomocio.com\/es\/wp-json\/wp\/v2\/comments?post=16979"}],"version-history":[{"count":100,"href":"https:\/\/tioautomocio.com\/es\/wp-json\/wp\/v2\/pages\/16979\/revisions"}],"predecessor-version":[{"id":17118,"href":"https:\/\/tioautomocio.com\/es\/wp-json\/wp\/v2\/pages\/16979\/revisions\/17118"}],"wp:attachment":[{"href":"https:\/\/tioautomocio.com\/es\/wp-json\/wp\/v2\/media?parent=16979"}],"curies":[{"name":"wp","href":"https:\/\/api.w.org\/{rel}","templated":true}]}}